{"id":16487,"date":"2024-12-09T14:49:44","date_gmt":"2024-12-09T13:49:44","guid":{"rendered":"https:\/\/www.fibrotubi.com\/telechargement\/documentation-sous-tuile-metallique\/"},"modified":"2026-04-07T11:42:19","modified_gmt":"2026-04-07T09:42:19","slug":"documentation-sous-tuile-metallique","status":"publish","type":"page","link":"https:\/\/www.fibrotubi.com\/fr\/telechargement\/documentation-sous-tuile-metallique\/","title":{"rendered":"Documentation Sous-tuile m\u00e9tallique"},"content":{"rendered":"\t\t<div data-elementor-type=\"wp-page\" data-elementor-id=\"16487\" class=\"elementor elementor-16487 elementor-6635\" data-elementor-post-type=\"page\">\n\t\t\t\t<div class=\"elementor-element elementor-element-1cfc0d6 e-flex e-con-boxed e-con e-parent\" data-id=\"1cfc0d6\" data-element_type=\"container\" data-e-type=\"container\">\n\t\t\t\t\t<div class=\"e-con-inner\">\n\t\t<div class=\"elementor-element elementor-element-0f2db1d e-con-full e-flex e-con e-child\" data-id=\"0f2db1d\" data-element_type=\"container\" data-e-type=\"container\">\n\t\t\t\t<div class=\"elementor-element elementor-element-c18e6da elementor-widget__width-initial animated-fast elementor-widget-divider--view-line elementor-invisible elementor-widget elementor-widget-divider\" data-id=\"c18e6da\" data-element_type=\"widget\" data-e-type=\"widget\" data-settings=\"{&quot;_animation&quot;:&quot;zoomInRight&quot;}\" data-widget_type=\"divider.default\">\n\t\t\t\t<div class=\"elementor-widget-container\">\n\t\t\t\t\t\t\t<div class=\"elementor-divider\">\n\t\t\t<span class=\"elementor-divider-separator\">\n\t\t\t\t\t\t<\/span>\n\t\t<\/div>\n\t\t\t\t\t\t<\/div>\n\t\t\t\t<\/div>\n\t\t\t\t<div class=\"elementor-element elementor-element-1e896fa animated-fast elementor-invisible elementor-widget elementor-widget-heading\" data-id=\"1e896fa\" data-element_type=\"widget\" data-e-type=\"widget\" data-settings=\"{&quot;_animation&quot;:&quot;opal-scale-up&quot;}\" data-widget_type=\"heading.default\">\n\t\t\t\t<div class=\"elementor-widget-container\">\n\t\t\t\t\t<p class=\"elementor-heading-title elementor-size-default\">Syst\u00e8me pour tuiles canal<\/p>\t\t\t\t<\/div>\n\t\t\t\t<\/div>\n\t\t\t\t<\/div>\n\t\t<div class=\"elementor-element elementor-element-1c206ed e-con-full e-flex e-con e-child\" data-id=\"1c206ed\" data-element_type=\"container\" data-e-type=\"container\">\n\t\t\t\t<div class=\"elementor-element elementor-element-85a47f1 elementor-widget__width-initial animated-fast elementor-invisible elementor-widget elementor-widget-heading\" data-id=\"85a47f1\" data-element_type=\"widget\" data-e-type=\"widget\" data-settings=\"{&quot;_animation&quot;:&quot;opal-move-left&quot;}\" data-widget_type=\"heading.default\">\n\t\t\t\t<div class=\"elementor-widget-container\">\n\t\t\t\t\t<h2 class=\"elementor-heading-title elementor-size-default\">Documentation Sous-tuile m\u00e9tallique<\/h2>\t\t\t\t<\/div>\n\t\t\t\t<\/div>\n\t\t\t\t<\/div>\n\t\t\t\t\t<\/div>\n\t\t\t\t<\/div>\n\t\t<div class=\"elementor-element elementor-element-a0307b2 e-flex e-con-boxed e-con e-parent\" data-id=\"a0307b2\" data-element_type=\"container\" data-e-type=\"container\" data-settings=\"{&quot;background_background&quot;:&quot;gradient&quot;}\">\n\t\t\t\t\t<div class=\"e-con-inner\">\n\t\t<div class=\"elementor-element elementor-element-89c1bf7 e-con-full e-flex e-con e-child\" data-id=\"89c1bf7\" data-element_type=\"container\" data-e-type=\"container\">\n\t\t\t\t<div class=\"elementor-element elementor-element-a816cd2 elementor-widget elementor-widget-heading\" data-id=\"a816cd2\" data-element_type=\"widget\" data-e-type=\"widget\" data-widget_type=\"heading.default\">\n\t\t\t\t<div class=\"elementor-widget-container\">\n\t\t\t\t\t<h5 class=\"elementor-heading-title elementor-size-default\">Catalogues<\/h5>\t\t\t\t<\/div>\n\t\t\t\t<\/div>\n\t\t\t\t<div class=\"elementor-element elementor-element-eb31a6c elementor-widget elementor-widget-wpdmpackages\" data-id=\"eb31a6c\" data-element_type=\"widget\" data-e-type=\"widget\" data-widget_type=\"wpdmpackages.default\">\n\t\t\t\t<div class=\"elementor-widget-container\">\n\t\t\t\t\t<div class='w3eden'>\n    <div class=''>\n\n        \n        <div id=\"content_wpdm_package_1\">\n            <div class='row'><div class='col-lg-3 col-md-6 col-12'><!-- WPDM Link Template: Default Template ( Compact ) -->\n\n<div class=\"link-template-default card mb-2\">\n    <div class=\"card-body\">\n        <div class=\"media\">\n            <div class=\"mr-3 img-48\"><img decoding=\"async\" class=\"wpdm_icon\" alt=\"Ic\u00f4ne\" src=\"https:\/\/www.fibrotubi.com\/wp-content\/plugins\/download-manager\/assets\/file-type-icons\/pdf.svg\" \/><\/div>\n            <div class=\"media-body\">\n                <h3 class=\"package-title\">Catalogo Sottocoppo metallico e coibentato<\/h3>\n                <div class=\"text-muted text-small\"><i class=\"fas fa-copy\"><\/i> 1 fichier\u00b7s <i class=\"fas fa-hdd ml-3\"><\/i> 3.15 MB<\/div>\n            <\/div>\n            <div class=\"ml-3\">\n                <a class='wpdm-download-link btn btn-primary btn-sm' rel='nofollow' href='https:\/\/www.fibrotubi.com\/fr\/download\/catalogo-sottocoppo-metallico-e-coibentato\/?wpdmdl=6498&refresh=69f2096f1247d1777469807'>T\u00e9l\u00e9charger<\/a>\n            <\/div>\n        <\/div>\n    <\/div>\n<\/div>\n\n<\/div><div class='col-lg-3 col-md-6 col-12'><!-- WPDM Link Template: Default Template ( Compact ) -->\n\n<div class=\"link-template-default card mb-2\">\n    <div class=\"card-body\">\n        <div class=\"media\">\n            <div class=\"mr-3 img-48\"><img decoding=\"async\" class=\"wpdm_icon\" alt=\"Ic\u00f4ne\" src=\"https:\/\/www.fibrotubi.com\/wp-content\/plugins\/download-manager\/assets\/file-type-icons\/pdf.svg\" \/><\/div>\n            <div class=\"media-body\">\n                <h3 class=\"package-title\">Catalogo sottocoppo metallico<\/h3>\n                <div class=\"text-muted text-small\"><i class=\"fas fa-copy\"><\/i> 1 fichier\u00b7s <i class=\"fas fa-hdd ml-3\"><\/i> 847.11 KB<\/div>\n            <\/div>\n            <div class=\"ml-3\">\n                <a class='wpdm-download-link btn btn-primary btn-sm' rel='nofollow' href='https:\/\/www.fibrotubi.com\/fr\/download\/catalogo-sottocoppo-metallico\/?wpdmdl=6499&refresh=69f2096f8796e1777469807'>T\u00e9l\u00e9charger<\/a>\n            <\/div>\n        <\/div>\n    <\/div>\n<\/div>\n\n<\/div><div class='col-lg-3 col-md-6 col-12'><!-- WPDM Link Template: Default Template ( Compact ) -->\n\n<div class=\"link-template-default card mb-2\">\n    <div class=\"card-body\">\n        <div class=\"media\">\n            <div class=\"mr-3 img-48\"><img decoding=\"async\" class=\"wpdm_icon\" alt=\"Ic\u00f4ne\" src=\"https:\/\/www.fibrotubi.com\/wp-content\/plugins\/download-manager\/assets\/file-type-icons\/pdf.svg\" \/><\/div>\n            <div class=\"media-body\">\n                <h3 class=\"package-title\">Catalogo Generale Fibrotubi<\/h3>\n                <div class=\"text-muted text-small\"><i class=\"fas fa-copy\"><\/i> 1 fichier\u00b7s <i class=\"fas fa-hdd ml-3\"><\/i> 9.11 MB<\/div>\n            <\/div>\n            <div class=\"ml-3\">\n                <a class='wpdm-download-link btn btn-primary btn-sm' rel='nofollow' href='https:\/\/www.fibrotubi.com\/fr\/download\/catalogo-generale-fibrotubi\/?wpdmdl=6510&refresh=69f20970074bf1777469808'>T\u00e9l\u00e9charger<\/a>\n            <\/div>\n        <\/div>\n    <\/div>\n<\/div>\n\n<\/div><div class='col-lg-3 col-md-6 col-12'><!-- WPDM Link Template: Default Template ( Compact ) -->\n\n<div class=\"link-template-default card mb-2\">\n    <div class=\"card-body\">\n        <div class=\"media\">\n            <div class=\"mr-3 img-48\"><img decoding=\"async\" class=\"wpdm_icon\" alt=\"Ic\u00f4ne\" src=\"https:\/\/www.fibrotubi.com\/wp-content\/plugins\/download-manager\/assets\/file-type-icons\/pdf.svg\" \/><\/div>\n            <div class=\"media-body\">\n                <h3 class=\"package-title\">Catalogo Pieghevole Sottocoppo Metallico e Fibrotek<\/h3>\n                <div class=\"text-muted text-small\"><i class=\"fas fa-copy\"><\/i> 1 fichier\u00b7s <i class=\"fas fa-hdd ml-3\"><\/i> 0.00 KB<\/div>\n            <\/div>\n            <div class=\"ml-3\">\n                <a class='wpdm-download-link btn btn-primary btn-sm' rel='nofollow' href='https:\/\/www.fibrotubi.com\/fr\/download\/pieghevole-sottocoppo-metallico-e-fibrotek-2\/?wpdmdl=14534&refresh=69f209707c9781777469808'>T\u00e9l\u00e9charger<\/a>\n            <\/div>\n        <\/div>\n    <\/div>\n<\/div>\n\n<\/div><\/div>                    <\/div>\n\n        <div style='clear:both'><\/div>\n    <\/div>\n<\/div>\n\t\t\t\t<\/div>\n\t\t\t\t<\/div>\n\t\t\t\t<\/div>\n\t\t\t\t\t<\/div>\n\t\t\t\t<\/div>\n\t\t<div class=\"elementor-element elementor-element-280b29d e-flex e-con-boxed e-con e-parent\" data-id=\"280b29d\" data-element_type=\"container\" data-e-type=\"container\" data-settings=\"{&quot;background_background&quot;:&quot;gradient&quot;}\">\n\t\t\t\t\t<div class=\"e-con-inner\">\n\t\t<div class=\"elementor-element elementor-element-17aad19 e-con-full e-flex e-con e-child\" data-id=\"17aad19\" data-element_type=\"container\" data-e-type=\"container\">\n\t\t\t\t<div class=\"elementor-element elementor-element-74cee09 elementor-widget elementor-widget-heading\" data-id=\"74cee09\" data-element_type=\"widget\" data-e-type=\"widget\" data-widget_type=\"heading.default\">\n\t\t\t\t<div class=\"elementor-widget-container\">\n\t\t\t\t\t<h5 class=\"elementor-heading-title elementor-size-default\">fiches techniques<\/h5>\t\t\t\t<\/div>\n\t\t\t\t<\/div>\n\t\t\t\t<div class=\"elementor-element elementor-element-5c44ac7 elementor-widget elementor-widget-wpdmpackages\" data-id=\"5c44ac7\" data-element_type=\"widget\" data-e-type=\"widget\" data-widget_type=\"wpdmpackages.default\">\n\t\t\t\t<div class=\"elementor-widget-container\">\n\t\t\t\t\t<div class='w3eden'>\n    <div class=''>\n\n        \n        <div id=\"content_wpdm_package_2\">\n            <div class='row'><div class='col-lg-3 col-md-6 col-12'><!-- WPDM Link Template: Default Template ( Compact ) -->\n\n<div class=\"link-template-default card mb-2\">\n    <div class=\"card-body\">\n        <div class=\"media\">\n            <div class=\"mr-3 img-48\"><img decoding=\"async\" class=\"wpdm_icon\" alt=\"Ic\u00f4ne\" src=\"https:\/\/www.fibrotubi.com\/wp-content\/plugins\/download-manager\/assets\/file-type-icons\/pdf.svg\" \/><\/div>\n            <div class=\"media-body\">\n                <h3 class=\"package-title\">Sottocoppo metallico scheda tecnica<\/h3>\n                <div class=\"text-muted text-small\"><i class=\"fas fa-copy\"><\/i> 1 fichier\u00b7s <i class=\"fas fa-hdd ml-3\"><\/i> 2.87 MB<\/div>\n            <\/div>\n            <div class=\"ml-3\">\n                <a class='wpdm-download-link btn btn-primary btn-sm' rel='nofollow' href='https:\/\/www.fibrotubi.com\/fr\/download\/sottocoppo-metallico-scheda-tecnica\/?wpdmdl=6501&refresh=69f20970ed1d81777469808'>T\u00e9l\u00e9charger<\/a>\n            <\/div>\n        <\/div>\n    <\/div>\n<\/div>\n\n<\/div><div class='col-lg-3 col-md-6 col-12'><!-- WPDM Link Template: Default Template ( Compact ) -->\n\n<div class=\"link-template-default card mb-2\">\n    <div class=\"card-body\">\n        <div class=\"media\">\n            <div class=\"mr-3 img-48\"><img decoding=\"async\" class=\"wpdm_icon\" alt=\"Ic\u00f4ne\" src=\"https:\/\/www.fibrotubi.com\/wp-content\/plugins\/download-manager\/assets\/file-type-icons\/pdf.svg\" \/><\/div>\n            <div class=\"media-body\">\n                <h3 class=\"package-title\">Sottocoppo metallico sezione tecnica<\/h3>\n                <div class=\"text-muted text-small\"><i class=\"fas fa-copy\"><\/i> 1 fichier\u00b7s <i class=\"fas fa-hdd ml-3\"><\/i> 733.16 KB<\/div>\n            <\/div>\n            <div class=\"ml-3\">\n                <a class='wpdm-download-link btn btn-primary btn-sm' rel='nofollow' href='https:\/\/www.fibrotubi.com\/fr\/download\/sottocoppo-metallico-sezione-tecnica\/?wpdmdl=6503&refresh=69f209716b39f1777469809'>T\u00e9l\u00e9charger<\/a>\n            <\/div>\n        <\/div>\n    <\/div>\n<\/div>\n\n<\/div><div class='col-lg-3 col-md-6 col-12'><!-- WPDM Link Template: Default Template ( Compact ) -->\n\n<div class=\"link-template-default card mb-2\">\n    <div class=\"card-body\">\n        <div class=\"media\">\n            <div class=\"mr-3 img-48\"><img decoding=\"async\" class=\"wpdm_icon\" alt=\"Ic\u00f4ne\" src=\"https:\/\/www.fibrotubi.com\/wp-content\/plugins\/download-manager\/assets\/file-type-icons\/pdf.svg\" \/><\/div>\n            <div class=\"media-body\">\n                <h3 class=\"package-title\">Sottocoppo Metallico Coibentato Scheda Tecnica<\/h3>\n                <div class=\"text-muted text-small\"><i class=\"fas fa-copy\"><\/i> 1 fichier\u00b7s <i class=\"fas fa-hdd ml-3\"><\/i> 461.30 KB<\/div>\n            <\/div>\n            <div class=\"ml-3\">\n                <a class='wpdm-download-link btn btn-primary btn-sm' rel='nofollow' href='https:\/\/www.fibrotubi.com\/fr\/download\/sottocoppo-metallico-coibentato-scheda-tecnica\/?wpdmdl=16596&refresh=69f20971d82fd1777469809'>T\u00e9l\u00e9charger<\/a>\n            <\/div>\n        <\/div>\n    <\/div>\n<\/div>\n\n<\/div><div class='col-lg-3 col-md-6 col-12'><!-- WPDM Link Template: Default Template ( Compact ) -->\n\n<div class=\"link-template-default card mb-2\">\n    <div class=\"card-body\">\n        <div class=\"media\">\n            <div class=\"mr-3 img-48\"><img decoding=\"async\" class=\"wpdm_icon\" alt=\"Ic\u00f4ne\" src=\"https:\/\/www.fibrotubi.com\/wp-content\/plugins\/download-manager\/assets\/file-type-icons\/pdf.svg\" \/><\/div>\n            <div class=\"media-body\">\n                <h3 class=\"package-title\">Sottocoppo metallico coibentato sezione tecnica<\/h3>\n                <div class=\"text-muted text-small\"><i class=\"fas fa-copy\"><\/i> 1 fichier\u00b7s <i class=\"fas fa-hdd ml-3\"><\/i> 461.30 KB<\/div>\n            <\/div>\n            <div class=\"ml-3\">\n                <a class='wpdm-download-link btn btn-primary btn-sm' rel='nofollow' href='https:\/\/www.fibrotubi.com\/fr\/download\/sottocoppo-metallico-coibentato-sezione-tecnica\/?wpdmdl=6502&refresh=69f20972502111777469810'>T\u00e9l\u00e9charger<\/a>\n            <\/div>\n        <\/div>\n    <\/div>\n<\/div>\n\n<\/div><\/div>                    <\/div>\n\n        <div style='clear:both'><\/div>\n    <\/div>\n<\/div>\n\t\t\t\t<\/div>\n\t\t\t\t<\/div>\n\t\t\t\t<\/div>\n\t\t\t\t\t<\/div>\n\t\t\t\t<\/div>\n\t\t<div class=\"elementor-element elementor-element-6377111 e-con-full e-flex e-con e-parent\" data-id=\"6377111\" data-element_type=\"container\" data-e-type=\"container\">\n\t\t\t\t<div class=\"elementor-element elementor-element-0ee0fc8 elementor-widget elementor-widget-google_maps\" data-id=\"0ee0fc8\" data-element_type=\"widget\" data-e-type=\"widget\" data-widget_type=\"google_maps.default\">\n\t\t\t\t<div class=\"elementor-widget-container\">\n\t\t\t\t\t\t\t<div class=\"elementor-custom-embed\">\n\t\t\t<iframe loading=\"lazy\"\n\t\t\t\t\tsrc=\"https:\/\/maps.google.com\/maps?q=fibroubi&#038;t=m&#038;z=10&#038;output=embed&#038;iwloc=near\"\n\t\t\t\t\ttitle=\"fibroubi\"\n\t\t\t\t\taria-label=\"fibroubi\"\n\t\t\t><\/iframe>\n\t\t<\/div>\n\t\t\t\t\t\t<\/div>\n\t\t\t\t<\/div>\n\t\t\t\t<\/div>\n\t\t\t\t<\/div>\n\t\t","protected":false},"excerpt":{"rendered":"<p>Syst\u00e8me pour tuiles canal Documentation Sous-tuile m\u00e9tallique Catalogues Catalogo Sottocoppo metallico e coibentato 1 file 3.15 MB Download Catalogo sottocoppo metallico 1 file 847.11 KB Download Catalogo Generale Fibrotubi 1 file 9.11 MB Download Catalogo Pieghevole Sottocoppo Metallico e Fibrotek 1 file 0.00 KB Download fiches techniques Sottocoppo Metallico Coibentato Scheda Tecnica 1 file 461.30 [&hellip;]<\/p>\n","protected":false},"author":2,"featured_media":0,"parent":16438,"menu_order":0,"comment_status":"closed","ping_status":"closed","template":"template-homepage.php","meta":{"_acf_changed":false,"footnotes":""},"class_list":["post-16487","page","type-page","status-publish","hentry"],"acf":[],"yoast_head":"<!-- This site is optimized with the Yoast SEO plugin v27.1.1 - https:\/\/yoast.com\/product\/yoast-seo-wordpress\/ -->\n<title>Documentation Sous-tuile m\u00e9tallique - Fibrotubi<\/title>\n<meta name=\"robots\" content=\"index, follow, max-snippet:-1, max-image-preview:large, max-video-preview:-1\" \/>\n<link rel=\"canonical\" href=\"https:\/\/www.fibrotubi.com\/fr\/telechargement\/documentation-sous-tuile-metallique\/\" \/>\n<meta property=\"og:locale\" content=\"fr_FR\" \/>\n<meta property=\"og:type\" content=\"article\" \/>\n<meta property=\"og:title\" content=\"Documentation Sous-tuile m\u00e9tallique - Fibrotubi\" \/>\n<meta property=\"og:description\" content=\"Syst\u00e8me pour tuiles canal Documentation Sous-tuile m\u00e9tallique Catalogues Catalogo Sottocoppo metallico e coibentato 1 file 3.15 MB Download Catalogo sottocoppo metallico 1 file 847.11 KB Download Catalogo Generale Fibrotubi 1 file 9.11 MB Download Catalogo Pieghevole Sottocoppo Metallico e Fibrotek 1 file 0.00 KB Download fiches techniques Sottocoppo Metallico Coibentato Scheda Tecnica 1 file 461.30 [&hellip;]\" \/>\n<meta property=\"og:url\" content=\"https:\/\/www.fibrotubi.com\/fr\/telechargement\/documentation-sous-tuile-metallique\/\" \/>\n<meta property=\"og:site_name\" content=\"Fibrotubi\" \/>\n<meta property=\"article:publisher\" content=\"https:\/\/www.facebook.com\/fibrotubi\/\" \/>\n<meta property=\"article:modified_time\" content=\"2026-04-07T09:42:19+00:00\" \/>\n<meta property=\"og:image\" content=\"https:\/\/www.fibrotubi.com\/wp-content\/plugins\/download-manager\/assets\/file-type-icons\/pdf.svg\" \/>\n<meta name=\"twitter:card\" content=\"summary_large_image\" \/>\n<script type=\"application\/ld+json\" class=\"yoast-schema-graph\">{\"@context\":\"https:\/\/schema.org\",\"@graph\":[{\"@type\":\"WebPage\",\"@id\":\"https:\/\/www.fibrotubi.com\/fr\/telechargement\/documentation-sous-tuile-metallique\/\",\"url\":\"https:\/\/www.fibrotubi.com\/fr\/telechargement\/documentation-sous-tuile-metallique\/\",\"name\":\"Documentation Sous-tuile m\u00e9tallique - Fibrotubi\",\"isPartOf\":{\"@id\":\"https:\/\/www.fibrotubi.com\/fr\/#website\"},\"primaryImageOfPage\":{\"@id\":\"https:\/\/www.fibrotubi.com\/fr\/telechargement\/documentation-sous-tuile-metallique\/#primaryimage\"},\"image\":{\"@id\":\"https:\/\/www.fibrotubi.com\/fr\/telechargement\/documentation-sous-tuile-metallique\/#primaryimage\"},\"thumbnailUrl\":\"https:\/\/www.fibrotubi.com\/wp-content\/plugins\/download-manager\/assets\/file-type-icons\/pdf.svg\",\"datePublished\":\"2024-12-09T13:49:44+00:00\",\"dateModified\":\"2026-04-07T09:42:19+00:00\",\"breadcrumb\":{\"@id\":\"https:\/\/www.fibrotubi.com\/fr\/telechargement\/documentation-sous-tuile-metallique\/#breadcrumb\"},\"inLanguage\":\"fr-FR\",\"potentialAction\":[{\"@type\":\"ReadAction\",\"target\":[\"https:\/\/www.fibrotubi.com\/fr\/telechargement\/documentation-sous-tuile-metallique\/\"]}]},{\"@type\":\"ImageObject\",\"inLanguage\":\"fr-FR\",\"@id\":\"https:\/\/www.fibrotubi.com\/fr\/telechargement\/documentation-sous-tuile-metallique\/#primaryimage\",\"url\":\"https:\/\/www.fibrotubi.com\/wp-content\/plugins\/download-manager\/assets\/file-type-icons\/pdf.svg\",\"contentUrl\":\"https:\/\/www.fibrotubi.com\/wp-content\/plugins\/download-manager\/assets\/file-type-icons\/pdf.svg\"},{\"@type\":\"BreadcrumbList\",\"@id\":\"https:\/\/www.fibrotubi.com\/fr\/telechargement\/documentation-sous-tuile-metallique\/#breadcrumb\",\"itemListElement\":[{\"@type\":\"ListItem\",\"position\":1,\"name\":\"Home\",\"item\":\"https:\/\/www.fibrotubi.com\/fr\/\"},{\"@type\":\"ListItem\",\"position\":2,\"name\":\"T\u00e9l\u00e9chargement\",\"item\":\"https:\/\/www.fibrotubi.com\/fr\/telechargement\/\"},{\"@type\":\"ListItem\",\"position\":3,\"name\":\"Documentation Sous-tuile m\u00e9tallique\"}]},{\"@type\":\"WebSite\",\"@id\":\"https:\/\/www.fibrotubi.com\/fr\/#website\",\"url\":\"https:\/\/www.fibrotubi.com\/fr\/\",\"name\":\"Fibrotubi SRL\",\"description\":\"Prodotti per Edilizia Civile e Industriale\",\"publisher\":{\"@id\":\"https:\/\/www.fibrotubi.com\/fr\/#organization\"},\"potentialAction\":[{\"@type\":\"SearchAction\",\"target\":{\"@type\":\"EntryPoint\",\"urlTemplate\":\"https:\/\/www.fibrotubi.com\/fr\/?s={search_term_string}\"},\"query-input\":{\"@type\":\"PropertyValueSpecification\",\"valueRequired\":true,\"valueName\":\"search_term_string\"}}],\"inLanguage\":\"fr-FR\"},{\"@type\":\"Organization\",\"@id\":\"https:\/\/www.fibrotubi.com\/fr\/#organization\",\"name\":\"Fibrotubi\",\"url\":\"https:\/\/www.fibrotubi.com\/fr\/\",\"logo\":{\"@type\":\"ImageObject\",\"inLanguage\":\"fr-FR\",\"@id\":\"https:\/\/www.fibrotubi.com\/fr\/#\/schema\/logo\/image\/\",\"url\":\"https:\/\/www.fibrotubi.com\/wp-content\/uploads\/2024\/12\/Logo-Fibrotubi-blu-scuro.png\",\"contentUrl\":\"https:\/\/www.fibrotubi.com\/wp-content\/uploads\/2024\/12\/Logo-Fibrotubi-blu-scuro.png\",\"width\":1000,\"height\":151,\"caption\":\"Fibrotubi\"},\"image\":{\"@id\":\"https:\/\/www.fibrotubi.com\/fr\/#\/schema\/logo\/image\/\"},\"sameAs\":[\"https:\/\/www.facebook.com\/fibrotubi\/\",\"https:\/\/www.instagram.com\/fibrotubi\/\",\"https:\/\/www.youtube.com\/user\/FibrotubiSRL\",\"https:\/\/www.linkedin.com\/company\/fibrotubi\/\"]}]}<\/script>\n<!-- \/ Yoast SEO plugin. -->","yoast_head_json":{"title":"Documentation Sous-tuile m\u00e9tallique - Fibrotubi","robots":{"index":"index","follow":"follow","max-snippet":"max-snippet:-1","max-image-preview":"max-image-preview:large","max-video-preview":"max-video-preview:-1"},"canonical":"https:\/\/www.fibrotubi.com\/fr\/telechargement\/documentation-sous-tuile-metallique\/","og_locale":"fr_FR","og_type":"article","og_title":"Documentation Sous-tuile m\u00e9tallique - Fibrotubi","og_description":"Syst\u00e8me pour tuiles canal Documentation Sous-tuile m\u00e9tallique Catalogues Catalogo Sottocoppo metallico e coibentato 1 file 3.15 MB Download Catalogo sottocoppo metallico 1 file 847.11 KB Download Catalogo Generale Fibrotubi 1 file 9.11 MB Download Catalogo Pieghevole Sottocoppo Metallico e Fibrotek 1 file 0.00 KB Download fiches techniques Sottocoppo Metallico Coibentato Scheda Tecnica 1 file 461.30 [&hellip;]","og_url":"https:\/\/www.fibrotubi.com\/fr\/telechargement\/documentation-sous-tuile-metallique\/","og_site_name":"Fibrotubi","article_publisher":"https:\/\/www.facebook.com\/fibrotubi\/","article_modified_time":"2026-04-07T09:42:19+00:00","og_image":[{"url":"https:\/\/www.fibrotubi.com\/wp-content\/plugins\/download-manager\/assets\/file-type-icons\/pdf.svg","type":"","width":"","height":""}],"twitter_card":"summary_large_image","schema":{"@context":"https:\/\/schema.org","@graph":[{"@type":"WebPage","@id":"https:\/\/www.fibrotubi.com\/fr\/telechargement\/documentation-sous-tuile-metallique\/","url":"https:\/\/www.fibrotubi.com\/fr\/telechargement\/documentation-sous-tuile-metallique\/","name":"Documentation Sous-tuile m\u00e9tallique - Fibrotubi","isPartOf":{"@id":"https:\/\/www.fibrotubi.com\/fr\/#website"},"primaryImageOfPage":{"@id":"https:\/\/www.fibrotubi.com\/fr\/telechargement\/documentation-sous-tuile-metallique\/#primaryimage"},"image":{"@id":"https:\/\/www.fibrotubi.com\/fr\/telechargement\/documentation-sous-tuile-metallique\/#primaryimage"},"thumbnailUrl":"https:\/\/www.fibrotubi.com\/wp-content\/plugins\/download-manager\/assets\/file-type-icons\/pdf.svg","datePublished":"2024-12-09T13:49:44+00:00","dateModified":"2026-04-07T09:42:19+00:00","breadcrumb":{"@id":"https:\/\/www.fibrotubi.com\/fr\/telechargement\/documentation-sous-tuile-metallique\/#breadcrumb"},"inLanguage":"fr-FR","potentialAction":[{"@type":"ReadAction","target":["https:\/\/www.fibrotubi.com\/fr\/telechargement\/documentation-sous-tuile-metallique\/"]}]},{"@type":"ImageObject","inLanguage":"fr-FR","@id":"https:\/\/www.fibrotubi.com\/fr\/telechargement\/documentation-sous-tuile-metallique\/#primaryimage","url":"https:\/\/www.fibrotubi.com\/wp-content\/plugins\/download-manager\/assets\/file-type-icons\/pdf.svg","contentUrl":"https:\/\/www.fibrotubi.com\/wp-content\/plugins\/download-manager\/assets\/file-type-icons\/pdf.svg"},{"@type":"BreadcrumbList","@id":"https:\/\/www.fibrotubi.com\/fr\/telechargement\/documentation-sous-tuile-metallique\/#breadcrumb","itemListElement":[{"@type":"ListItem","position":1,"name":"Home","item":"https:\/\/www.fibrotubi.com\/fr\/"},{"@type":"ListItem","position":2,"name":"T\u00e9l\u00e9chargement","item":"https:\/\/www.fibrotubi.com\/fr\/telechargement\/"},{"@type":"ListItem","position":3,"name":"Documentation Sous-tuile m\u00e9tallique"}]},{"@type":"WebSite","@id":"https:\/\/www.fibrotubi.com\/fr\/#website","url":"https:\/\/www.fibrotubi.com\/fr\/","name":"Fibrotubi SRL","description":"Prodotti per Edilizia Civile e Industriale","publisher":{"@id":"https:\/\/www.fibrotubi.com\/fr\/#organization"},"potentialAction":[{"@type":"SearchAction","target":{"@type":"EntryPoint","urlTemplate":"https:\/\/www.fibrotubi.com\/fr\/?s={search_term_string}"},"query-input":{"@type":"PropertyValueSpecification","valueRequired":true,"valueName":"search_term_string"}}],"inLanguage":"fr-FR"},{"@type":"Organization","@id":"https:\/\/www.fibrotubi.com\/fr\/#organization","name":"Fibrotubi","url":"https:\/\/www.fibrotubi.com\/fr\/","logo":{"@type":"ImageObject","inLanguage":"fr-FR","@id":"https:\/\/www.fibrotubi.com\/fr\/#\/schema\/logo\/image\/","url":"https:\/\/www.fibrotubi.com\/wp-content\/uploads\/2024\/12\/Logo-Fibrotubi-blu-scuro.png","contentUrl":"https:\/\/www.fibrotubi.com\/wp-content\/uploads\/2024\/12\/Logo-Fibrotubi-blu-scuro.png","width":1000,"height":151,"caption":"Fibrotubi"},"image":{"@id":"https:\/\/www.fibrotubi.com\/fr\/#\/schema\/logo\/image\/"},"sameAs":["https:\/\/www.facebook.com\/fibrotubi\/","https:\/\/www.instagram.com\/fibrotubi\/","https:\/\/www.youtube.com\/user\/FibrotubiSRL","https:\/\/www.linkedin.com\/company\/fibrotubi\/"]}]}},"_links":{"self":[{"href":"https:\/\/www.fibrotubi.com\/fr\/wp-json\/wp\/v2\/pages\/16487","targetHints":{"allow":["GET"]}}],"collection":[{"href":"https:\/\/www.fibrotubi.com\/fr\/wp-json\/wp\/v2\/pages"}],"about":[{"href":"https:\/\/www.fibrotubi.com\/fr\/wp-json\/wp\/v2\/types\/page"}],"author":[{"embeddable":true,"href":"https:\/\/www.fibrotubi.com\/fr\/wp-json\/wp\/v2\/users\/2"}],"replies":[{"embeddable":true,"href":"https:\/\/www.fibrotubi.com\/fr\/wp-json\/wp\/v2\/comments?post=16487"}],"version-history":[{"count":4,"href":"https:\/\/www.fibrotubi.com\/fr\/wp-json\/wp\/v2\/pages\/16487\/revisions"}],"predecessor-version":[{"id":16601,"href":"https:\/\/www.fibrotubi.com\/fr\/wp-json\/wp\/v2\/pages\/16487\/revisions\/16601"}],"up":[{"embeddable":true,"href":"https:\/\/www.fibrotubi.com\/fr\/wp-json\/wp\/v2\/pages\/16438"}],"wp:attachment":[{"href":"https:\/\/www.fibrotubi.com\/fr\/wp-json\/wp\/v2\/media?parent=16487"}],"curies":[{"name":"wp","href":"https:\/\/api.w.org\/{rel}","templated":true}]}}