{"id":16429,"date":"2025-05-14T10:01:57","date_gmt":"2025-05-14T08:01:57","guid":{"rendered":"https:\/\/www.fibrotubi.com\/disclaimer\/"},"modified":"2026-03-12T14:47:47","modified_gmt":"2026-03-12T13:47:47","slug":"disclaimer","status":"publish","type":"page","link":"https:\/\/www.fibrotubi.com\/fr\/disclaimer\/","title":{"rendered":"Disclaimer"},"content":{"rendered":"\t\t<div data-elementor-type=\"wp-page\" data-elementor-id=\"16429\" class=\"elementor elementor-16429 elementor-13981\" data-elementor-post-type=\"page\">\n\t\t\t\t<div class=\"elementor-element elementor-element-859a6db e-flex e-con-boxed e-con e-parent\" data-id=\"859a6db\" data-element_type=\"container\" data-e-type=\"container\">\n\t\t\t\t\t<div class=\"e-con-inner\">\n\t\t\t\t<div class=\"elementor-element elementor-element-210541d elementor-widget elementor-widget-heading\" data-id=\"210541d\" data-element_type=\"widget\" data-e-type=\"widget\" data-widget_type=\"heading.default\">\n\t\t\t\t<div class=\"elementor-widget-container\">\n\t\t\t\t\t<h1 class=\"elementor-heading-title elementor-size-default\">Disclaimer<\/h1>\t\t\t\t<\/div>\n\t\t\t\t<\/div>\n\t\t\t\t<div class=\"elementor-element elementor-element-91d3b57 elementor-widget elementor-widget-heading\" data-id=\"91d3b57\" data-element_type=\"widget\" data-e-type=\"widget\" data-widget_type=\"heading.default\">\n\t\t\t\t<div class=\"elementor-widget-container\">\n\t\t\t\t\t<h3 class=\"elementor-heading-title elementor-size-default\">D\u00e9claration de non-responsabilit\u00e9<\/h3>\t\t\t\t<\/div>\n\t\t\t\t<\/div>\n\t\t\t\t<div class=\"elementor-element elementor-element-004fef5 elementor-widget elementor-widget-text-editor\" data-id=\"004fef5\" data-element_type=\"widget\" data-e-type=\"widget\" data-widget_type=\"text-editor.default\">\n\t\t\t\t<div class=\"elementor-widget-container\">\n\t\t\t\t\t\t\t\t\t<p>Le contenu de TOUTES les tables de port\u00e9e et de calcul doit \u00eatre consid\u00e9r\u00e9 comme indicatif. Il appartient au concepteur et\/ou \u00e0 l\u2019utilisateur de proc\u00e9der, pour chaque cas d\u2019utilisation, aux calculs structurels correspondants, ainsi que de d\u00e9terminer les sp\u00e9cifications de conception applicables au syst\u00e8me de couverture.<br>Compte tenu de la multiplicit\u00e9 des produits pr\u00e9sents dans les diff\u00e9rentes documentations et outils fournis, y compris sur le web, Fibrotubi Srl ne peut garantir que les donn\u00e9es et informations pr\u00e9sent\u00e9es soient toujours les plus \u00e0 jour. Il appartient au client de contacter notre personnel afin d\u2019obtenir la derni\u00e8re version disponible.<br>Fibrotubi Srl se r\u00e9serve le droit de mettre \u00e0 jour et de modifier le contenu du site et des catalogues qui y sont pr\u00e9sents \u00e0 tout moment et sans pr\u00e9avis.<br>Les informations et donn\u00e9es contenues dans les fiches techniques, les sp\u00e9cifications produit, les descriptions produit, les brochures et le mat\u00e9riel publicitaire ont un caract\u00e8re indicatif et ne deviennent contractuellement contraignantes qu\u2019apr\u00e8s notre accord \u00e9crit explicite.  <\/p>\t\t\t\t\t\t\t\t<\/div>\n\t\t\t\t<\/div>\n\t\t\t\t\t<\/div>\n\t\t\t\t<\/div>\n\t\t\t\t<\/div>\n\t\t","protected":false},"excerpt":{"rendered":"<p>Disclaimer D\u00e9claration de non-responsabilit\u00e9 Le contenu de TOUTES les tables de port\u00e9e et de calcul doit \u00eatre consid\u00e9r\u00e9 comme indicatif. Il appartient au concepteur et\/ou \u00e0 l\u2019utilisateur de proc\u00e9der, pour chaque cas d\u2019utilisation, aux calculs structurels correspondants, ainsi que de d\u00e9terminer les sp\u00e9cifications de conception applicables au syst\u00e8me de couverture.Compte tenu de la multiplicit\u00e9 des [&hellip;]<\/p>\n","protected":false},"author":1,"featured_media":0,"parent":0,"menu_order":0,"comment_status":"closed","ping_status":"closed","template":"","meta":{"_acf_changed":false,"footnotes":""},"class_list":["post-16429","page","type-page","status-publish","hentry"],"acf":[],"yoast_head":"<!-- This site is optimized with the Yoast SEO plugin v27.1.1 - https:\/\/yoast.com\/product\/yoast-seo-wordpress\/ -->\n<title>Disclaimer - Fibrotubi<\/title>\n<meta name=\"robots\" content=\"index, follow, max-snippet:-1, max-image-preview:large, max-video-preview:-1\" \/>\n<link rel=\"canonical\" href=\"https:\/\/www.fibrotubi.com\/fr\/disclaimer\/\" \/>\n<meta property=\"og:locale\" content=\"fr_FR\" \/>\n<meta property=\"og:type\" content=\"article\" \/>\n<meta property=\"og:title\" content=\"Disclaimer - Fibrotubi\" \/>\n<meta property=\"og:description\" content=\"Disclaimer D\u00e9claration de non-responsabilit\u00e9 Le contenu de TOUTES les tables de port\u00e9e et de calcul doit \u00eatre consid\u00e9r\u00e9 comme indicatif. Il appartient au concepteur et\/ou \u00e0 l\u2019utilisateur de proc\u00e9der, pour chaque cas d\u2019utilisation, aux calculs structurels correspondants, ainsi que de d\u00e9terminer les sp\u00e9cifications de conception applicables au syst\u00e8me de couverture.Compte tenu de la multiplicit\u00e9 des [&hellip;]\" \/>\n<meta property=\"og:url\" content=\"https:\/\/www.fibrotubi.com\/fr\/disclaimer\/\" \/>\n<meta property=\"og:site_name\" content=\"Fibrotubi\" \/>\n<meta property=\"article:publisher\" content=\"https:\/\/www.facebook.com\/fibrotubi\/\" \/>\n<meta property=\"article:modified_time\" content=\"2026-03-12T13:47:47+00:00\" \/>\n<meta property=\"og:image\" content=\"https:\/\/www.fibrotubi.com\/wp-content\/uploads\/Fibrotubi-Slide-Tetto-2.webp\" \/>\n\t<meta property=\"og:image:width\" content=\"1600\" \/>\n\t<meta property=\"og:image:height\" content=\"1200\" \/>\n\t<meta property=\"og:image:type\" content=\"image\/webp\" \/>\n<meta name=\"twitter:card\" content=\"summary_large_image\" \/>\n<meta name=\"twitter:label1\" content=\"Dur\u00e9e de lecture estim\u00e9e\" \/>\n\t<meta name=\"twitter:data1\" content=\"1 minute\" \/>\n<script type=\"application\/ld+json\" class=\"yoast-schema-graph\">{\"@context\":\"https:\/\/schema.org\",\"@graph\":[{\"@type\":\"WebPage\",\"@id\":\"https:\/\/www.fibrotubi.com\/fr\/disclaimer\/\",\"url\":\"https:\/\/www.fibrotubi.com\/fr\/disclaimer\/\",\"name\":\"Disclaimer - Fibrotubi\",\"isPartOf\":{\"@id\":\"https:\/\/www.fibrotubi.com\/fr\/#website\"},\"datePublished\":\"2025-05-14T08:01:57+00:00\",\"dateModified\":\"2026-03-12T13:47:47+00:00\",\"breadcrumb\":{\"@id\":\"https:\/\/www.fibrotubi.com\/fr\/disclaimer\/#breadcrumb\"},\"inLanguage\":\"fr-FR\",\"potentialAction\":[{\"@type\":\"ReadAction\",\"target\":[\"https:\/\/www.fibrotubi.com\/fr\/disclaimer\/\"]}]},{\"@type\":\"BreadcrumbList\",\"@id\":\"https:\/\/www.fibrotubi.com\/fr\/disclaimer\/#breadcrumb\",\"itemListElement\":[{\"@type\":\"ListItem\",\"position\":1,\"name\":\"Home\",\"item\":\"https:\/\/www.fibrotubi.com\/fr\/\"},{\"@type\":\"ListItem\",\"position\":2,\"name\":\"Disclaimer\"}]},{\"@type\":\"WebSite\",\"@id\":\"https:\/\/www.fibrotubi.com\/fr\/#website\",\"url\":\"https:\/\/www.fibrotubi.com\/fr\/\",\"name\":\"Fibrotubi SRL\",\"description\":\"Prodotti per Edilizia Civile e Industriale\",\"publisher\":{\"@id\":\"https:\/\/www.fibrotubi.com\/fr\/#organization\"},\"potentialAction\":[{\"@type\":\"SearchAction\",\"target\":{\"@type\":\"EntryPoint\",\"urlTemplate\":\"https:\/\/www.fibrotubi.com\/fr\/?s={search_term_string}\"},\"query-input\":{\"@type\":\"PropertyValueSpecification\",\"valueRequired\":true,\"valueName\":\"search_term_string\"}}],\"inLanguage\":\"fr-FR\"},{\"@type\":\"Organization\",\"@id\":\"https:\/\/www.fibrotubi.com\/fr\/#organization\",\"name\":\"Fibrotubi\",\"url\":\"https:\/\/www.fibrotubi.com\/fr\/\",\"logo\":{\"@type\":\"ImageObject\",\"inLanguage\":\"fr-FR\",\"@id\":\"https:\/\/www.fibrotubi.com\/fr\/#\/schema\/logo\/image\/\",\"url\":\"https:\/\/www.fibrotubi.com\/wp-content\/uploads\/2024\/12\/Logo-Fibrotubi-blu-scuro.png\",\"contentUrl\":\"https:\/\/www.fibrotubi.com\/wp-content\/uploads\/2024\/12\/Logo-Fibrotubi-blu-scuro.png\",\"width\":1000,\"height\":151,\"caption\":\"Fibrotubi\"},\"image\":{\"@id\":\"https:\/\/www.fibrotubi.com\/fr\/#\/schema\/logo\/image\/\"},\"sameAs\":[\"https:\/\/www.facebook.com\/fibrotubi\/\",\"https:\/\/www.instagram.com\/fibrotubi\/\",\"https:\/\/www.youtube.com\/user\/FibrotubiSRL\",\"https:\/\/www.linkedin.com\/company\/fibrotubi\/\"]}]}<\/script>\n<!-- \/ Yoast SEO plugin. -->","yoast_head_json":{"title":"Disclaimer - Fibrotubi","robots":{"index":"index","follow":"follow","max-snippet":"max-snippet:-1","max-image-preview":"max-image-preview:large","max-video-preview":"max-video-preview:-1"},"canonical":"https:\/\/www.fibrotubi.com\/fr\/disclaimer\/","og_locale":"fr_FR","og_type":"article","og_title":"Disclaimer - Fibrotubi","og_description":"Disclaimer D\u00e9claration de non-responsabilit\u00e9 Le contenu de TOUTES les tables de port\u00e9e et de calcul doit \u00eatre consid\u00e9r\u00e9 comme indicatif. Il appartient au concepteur et\/ou \u00e0 l\u2019utilisateur de proc\u00e9der, pour chaque cas d\u2019utilisation, aux calculs structurels correspondants, ainsi que de d\u00e9terminer les sp\u00e9cifications de conception applicables au syst\u00e8me de couverture.Compte tenu de la multiplicit\u00e9 des [&hellip;]","og_url":"https:\/\/www.fibrotubi.com\/fr\/disclaimer\/","og_site_name":"Fibrotubi","article_publisher":"https:\/\/www.facebook.com\/fibrotubi\/","article_modified_time":"2026-03-12T13:47:47+00:00","og_image":[{"width":1600,"height":1200,"url":"https:\/\/www.fibrotubi.com\/wp-content\/uploads\/Fibrotubi-Slide-Tetto-2.webp","type":"image\/webp"}],"twitter_card":"summary_large_image","twitter_misc":{"Dur\u00e9e de lecture estim\u00e9e":"1 minute"},"schema":{"@context":"https:\/\/schema.org","@graph":[{"@type":"WebPage","@id":"https:\/\/www.fibrotubi.com\/fr\/disclaimer\/","url":"https:\/\/www.fibrotubi.com\/fr\/disclaimer\/","name":"Disclaimer - Fibrotubi","isPartOf":{"@id":"https:\/\/www.fibrotubi.com\/fr\/#website"},"datePublished":"2025-05-14T08:01:57+00:00","dateModified":"2026-03-12T13:47:47+00:00","breadcrumb":{"@id":"https:\/\/www.fibrotubi.com\/fr\/disclaimer\/#breadcrumb"},"inLanguage":"fr-FR","potentialAction":[{"@type":"ReadAction","target":["https:\/\/www.fibrotubi.com\/fr\/disclaimer\/"]}]},{"@type":"BreadcrumbList","@id":"https:\/\/www.fibrotubi.com\/fr\/disclaimer\/#breadcrumb","itemListElement":[{"@type":"ListItem","position":1,"name":"Home","item":"https:\/\/www.fibrotubi.com\/fr\/"},{"@type":"ListItem","position":2,"name":"Disclaimer"}]},{"@type":"WebSite","@id":"https:\/\/www.fibrotubi.com\/fr\/#website","url":"https:\/\/www.fibrotubi.com\/fr\/","name":"Fibrotubi SRL","description":"Prodotti per Edilizia Civile e Industriale","publisher":{"@id":"https:\/\/www.fibrotubi.com\/fr\/#organization"},"potentialAction":[{"@type":"SearchAction","target":{"@type":"EntryPoint","urlTemplate":"https:\/\/www.fibrotubi.com\/fr\/?s={search_term_string}"},"query-input":{"@type":"PropertyValueSpecification","valueRequired":true,"valueName":"search_term_string"}}],"inLanguage":"fr-FR"},{"@type":"Organization","@id":"https:\/\/www.fibrotubi.com\/fr\/#organization","name":"Fibrotubi","url":"https:\/\/www.fibrotubi.com\/fr\/","logo":{"@type":"ImageObject","inLanguage":"fr-FR","@id":"https:\/\/www.fibrotubi.com\/fr\/#\/schema\/logo\/image\/","url":"https:\/\/www.fibrotubi.com\/wp-content\/uploads\/2024\/12\/Logo-Fibrotubi-blu-scuro.png","contentUrl":"https:\/\/www.fibrotubi.com\/wp-content\/uploads\/2024\/12\/Logo-Fibrotubi-blu-scuro.png","width":1000,"height":151,"caption":"Fibrotubi"},"image":{"@id":"https:\/\/www.fibrotubi.com\/fr\/#\/schema\/logo\/image\/"},"sameAs":["https:\/\/www.facebook.com\/fibrotubi\/","https:\/\/www.instagram.com\/fibrotubi\/","https:\/\/www.youtube.com\/user\/FibrotubiSRL","https:\/\/www.linkedin.com\/company\/fibrotubi\/"]}]}},"_links":{"self":[{"href":"https:\/\/www.fibrotubi.com\/fr\/wp-json\/wp\/v2\/pages\/16429","targetHints":{"allow":["GET"]}}],"collection":[{"href":"https:\/\/www.fibrotubi.com\/fr\/wp-json\/wp\/v2\/pages"}],"about":[{"href":"https:\/\/www.fibrotubi.com\/fr\/wp-json\/wp\/v2\/types\/page"}],"author":[{"embeddable":true,"href":"https:\/\/www.fibrotubi.com\/fr\/wp-json\/wp\/v2\/users\/1"}],"replies":[{"embeddable":true,"href":"https:\/\/www.fibrotubi.com\/fr\/wp-json\/wp\/v2\/comments?post=16429"}],"version-history":[{"count":1,"href":"https:\/\/www.fibrotubi.com\/fr\/wp-json\/wp\/v2\/pages\/16429\/revisions"}],"predecessor-version":[{"id":16430,"href":"https:\/\/www.fibrotubi.com\/fr\/wp-json\/wp\/v2\/pages\/16429\/revisions\/16430"}],"wp:attachment":[{"href":"https:\/\/www.fibrotubi.com\/fr\/wp-json\/wp\/v2\/media?parent=16429"}],"curies":[{"name":"wp","href":"https:\/\/api.w.org\/{rel}","templated":true}]}}