{"id":16409,"date":"2025-05-14T11:08:47","date_gmt":"2025-05-14T09:08:47","guid":{"rendered":"https:\/\/www.fibrotubi.com\/lanceur-dalerte\/"},"modified":"2026-03-12T14:08:22","modified_gmt":"2026-03-12T13:08:22","slug":"lanceur-dalerte","status":"publish","type":"page","link":"https:\/\/www.fibrotubi.com\/fr\/lanceur-dalerte\/","title":{"rendered":"Lanceur d\u2019alerte"},"content":{"rendered":"\t\t<div data-elementor-type=\"wp-page\" data-elementor-id=\"16409\" class=\"elementor elementor-16409 elementor-13995\" data-elementor-post-type=\"page\">\n\t\t\t\t<div class=\"elementor-element elementor-element-b8edd55 e-flex e-con-boxed e-con e-parent\" data-id=\"b8edd55\" data-element_type=\"container\" data-e-type=\"container\">\n\t\t\t\t\t<div class=\"e-con-inner\">\n\t\t\t\t<div class=\"elementor-element elementor-element-1481019 elementor-widget elementor-widget-heading\" data-id=\"1481019\" data-element_type=\"widget\" data-e-type=\"widget\" data-widget_type=\"heading.default\">\n\t\t\t\t<div class=\"elementor-widget-container\">\n\t\t\t\t\t<h2 class=\"elementor-heading-title elementor-size-default\">Lanceur d\u2019alerte<\/h2>\t\t\t\t<\/div>\n\t\t\t\t<\/div>\n\t\t\t\t<div class=\"elementor-element elementor-element-8424368 elementor-widget elementor-widget-text-editor\" data-id=\"8424368\" data-element_type=\"widget\" data-e-type=\"widget\" data-widget_type=\"text-editor.default\">\n\t\t\t\t<div class=\"elementor-widget-container\">\n\t\t\t\t\t\t\t\t\t<div id=\"vc_row-68245d96c006d\" class=\"vc_row wpb_row vc_row-fluid vc_custom_1569251939745 thegem-custom-68245d96c00561813\"><div class=\"wpb_column vc_column_container vc_col-sm-12 thegem-custom-68245d96c03305462\"><div class=\"vc_column-inner thegem-custom-inner-68245d96c0332 \"><div class=\"wpb_wrapper thegem-custom-68245d96c03305462\"><div class=\"wpb_text_column wpb_content_element thegem-vc-text thegem-custom-68245d96c05322801\"><div class=\"wpb_wrapper\"><p>Fibrotubi S.r.l. favorise une culture d\u2019entreprise transparente, fond\u00e9e sur l\u2019\u00e9thique, l\u2019\u00e9quit\u00e9 et l\u2019int\u00e9grit\u00e9, dans le respect des lois et des r\u00e9glementations, ainsi que des normes et lignes directrices applicables.<br> <br> <br><\/p><p>Pour cette raison, Fibrotubi S.r.l. encourage ses repr\u00e9sentants l\u00e9gaux, administrateurs, dirigeants et employ\u00e9s, ainsi que tous les tiers qui interagissent avec l\u2019entreprise, \u00e0 signaler toute violation dont ils pourraient avoir connaissance dans le cadre professionnel. \u00c0 cette fin, l\u2019entreprise met \u00e0 disposition des canaux internes de signalement, notamment une ligne t\u00e9l\u00e9phonique d\u00e9di\u00e9e et une plateforme web avanc\u00e9e, accessible depuis tout appareil, \u00e9galement en mode anonyme et avec la possibilit\u00e9 de s\u00e9lectionner une langue autre que l\u2019italien.<\/p><p>Peuvent faire l\u2019objet d\u2019un signalement les informations relatives \u00e0 des violations qui portent atteinte \u00e0 l\u2019int\u00e9r\u00eat public ou \u00e0 l\u2019int\u00e9grit\u00e9 de l\u2019administration publique ou de l\u2019entit\u00e9 priv\u00e9e. Elles peuvent concerner des violations (du droit national ou du droit de l\u2019Union europ\u00e9enne) d\u00e9j\u00e0 commises, ou non encore commises lorsqu\u2019il existe des \u00e9l\u00e9ments concrets permettant de penser qu\u2019elles seront commises.<br> <br> <br><\/p><p>Ne peuvent pas faire l\u2019objet d\u2019un signalement les irr\u00e9gularit\u00e9s li\u00e9es \u00e0 la gestion ou \u00e0 l\u2019organisation des activit\u00e9s, ainsi que les contestations, r\u00e9clamations ou demandes li\u00e9es \u00e0 un int\u00e9r\u00eat personnel de la personne effectuant le signalement ou de la personne ayant d\u00e9pos\u00e9 une plainte aupr\u00e8s de l\u2019autorit\u00e9 judiciaire ou comptable, lorsqu\u2019elles concernent exclusivement leurs relations individuelles de travail ou d\u2019emploi public, ou leurs relations de travail avec des sup\u00e9rieurs hi\u00e9rarchiques.<\/p><p>Le syst\u00e8me de signalement Whistleblowing con\u00e7u respecte, dans toutes ses parties, les dispositions r\u00e9glementaires pr\u00e9vues par le d\u00e9cret l\u00e9gislatif. n\u00b0 231\/2001, de la Directive UE 2019\/1937 et du d\u00e9cret l\u00e9gislatif du 10 mars 2023, n\u00b0<br> <br> <br> 24.<\/p><p><a href=\"https:\/\/www.old-fibrotubi.quantikweb.it\/wp-content\/uploads\/2023\/12\/Informativa-whistleblowing.pdf\" target=\"_blank\" rel=\"noopener\"><strong>Information sur le traitement des donn\u00e9es personnelles<\/strong><\/a><\/p><p><a href=\"https:\/\/www.old-fibrotubi.quantikweb.it\/wp-content\/uploads\/2023\/12\/Procedura-whistleblowing.pdf\" target=\"_blank\" rel=\"noopener\"><strong>Proc\u00e9dure de signalement (Whistleblowing)<\/strong><\/a><\/p><\/div><\/div><\/div><\/div><\/div><\/div>\t\t\t\t\t\t\t\t<\/div>\n\t\t\t\t<\/div>\n\t\t\t\t\t<\/div>\n\t\t\t\t<\/div>\n\t\t<div class=\"elementor-element elementor-element-277f263 e-flex e-con-boxed e-con e-parent\" data-id=\"277f263\" data-element_type=\"container\" data-e-type=\"container\">\n\t\t\t\t\t<div class=\"e-con-inner\">\n\t\t\t\t<div class=\"elementor-element elementor-element-70ea8eb elementor-button-type-outline elementor-widget elementor-widget-rebuilto-button\" data-id=\"70ea8eb\" data-element_type=\"widget\" data-e-type=\"widget\" data-widget_type=\"rebuilto-button.default\">\n\t\t\t\t<div class=\"elementor-widget-container\">\n\t\t\t\t\t        <div class=\"elementor-button-wrapper\">\n            <a href=\"https:\/\/wb.01privacy.it\/#\/submission?context=afadc047-d525-441f-a3ef-6cffd1440b3f\" class=\"elementor-button-link elementor-button elementor-size-sm\" role=\"button\">\n                        <span class=\"elementor-button-content-wrapper\">\n                          <span class=\"elementor-button-icon elementor-align-icon-right\">\n\t\t\t\t<i aria-hidden=\"true\" class=\"rebuilto-icon- rebuilto-icon-arrow-up-right\"><\/i>\t\t\t<\/span>\n            \t\t\t<span class=\"elementor-button-text\" data-name=\"Invio segnalazioni Whistleblowing\">\n                <span>Invio segnalazioni Whistleblowing<\/span>\n            <\/span>\n\t\t<\/span>\n                    <\/a>\n        <\/div>\n        \t\t\t\t<\/div>\n\t\t\t\t<\/div>\n\t\t\t\t\t<\/div>\n\t\t\t\t<\/div>\n\t\t\t\t<\/div>\n\t\t","protected":false},"excerpt":{"rendered":"<p>Lanceur d\u2019alerte Fibrotubi S.r.l. favorise une culture d\u2019entreprise transparente, fond\u00e9e sur l\u2019\u00e9thique, l\u2019\u00e9quit\u00e9 et l\u2019int\u00e9grit\u00e9, dans le respect des lois et des r\u00e9glementations, ainsi que des normes et lignes directrices applicables. Pour cette raison, Fibrotubi S.r.l. encourage ses repr\u00e9sentants l\u00e9gaux, administrateurs, dirigeants et employ\u00e9s, ainsi que tous les tiers qui interagissent avec l\u2019entreprise, \u00e0 signaler [&hellip;]<\/p>\n","protected":false},"author":1,"featured_media":0,"parent":0,"menu_order":0,"comment_status":"closed","ping_status":"closed","template":"","meta":{"_acf_changed":false,"footnotes":""},"class_list":["post-16409","page","type-page","status-publish","hentry"],"acf":[],"yoast_head":"<!-- This site is optimized with the Yoast SEO plugin v27.1.1 - https:\/\/yoast.com\/product\/yoast-seo-wordpress\/ -->\n<title>Lanceur d\u2019alerte - Fibrotubi<\/title>\n<meta name=\"robots\" content=\"index, follow, max-snippet:-1, max-image-preview:large, max-video-preview:-1\" \/>\n<link rel=\"canonical\" href=\"https:\/\/www.fibrotubi.com\/fr\/lanceur-dalerte\/\" \/>\n<meta property=\"og:locale\" content=\"fr_FR\" \/>\n<meta property=\"og:type\" content=\"article\" \/>\n<meta property=\"og:title\" content=\"Lanceur d\u2019alerte - Fibrotubi\" \/>\n<meta property=\"og:description\" content=\"Lanceur d\u2019alerte Fibrotubi S.r.l. favorise une culture d\u2019entreprise transparente, fond\u00e9e sur l\u2019\u00e9thique, l\u2019\u00e9quit\u00e9 et l\u2019int\u00e9grit\u00e9, dans le respect des lois et des r\u00e9glementations, ainsi que des normes et lignes directrices applicables. Pour cette raison, Fibrotubi S.r.l. encourage ses repr\u00e9sentants l\u00e9gaux, administrateurs, dirigeants et employ\u00e9s, ainsi que tous les tiers qui interagissent avec l\u2019entreprise, \u00e0 signaler [&hellip;]\" \/>\n<meta property=\"og:url\" content=\"https:\/\/www.fibrotubi.com\/fr\/lanceur-dalerte\/\" \/>\n<meta property=\"og:site_name\" content=\"Fibrotubi\" \/>\n<meta property=\"article:publisher\" content=\"https:\/\/www.facebook.com\/fibrotubi\/\" \/>\n<meta property=\"article:modified_time\" content=\"2026-03-12T13:08:22+00:00\" \/>\n<meta property=\"og:image\" content=\"https:\/\/www.fibrotubi.com\/wp-content\/uploads\/Fibrotubi-Slide-Tetto-2.webp\" \/>\n\t<meta property=\"og:image:width\" content=\"1600\" \/>\n\t<meta property=\"og:image:height\" content=\"1200\" \/>\n\t<meta property=\"og:image:type\" content=\"image\/webp\" \/>\n<meta name=\"twitter:card\" content=\"summary_large_image\" \/>\n<meta name=\"twitter:label1\" content=\"Dur\u00e9e de lecture estim\u00e9e\" \/>\n\t<meta name=\"twitter:data1\" content=\"2 minutes\" \/>\n<script type=\"application\/ld+json\" class=\"yoast-schema-graph\">{\"@context\":\"https:\/\/schema.org\",\"@graph\":[{\"@type\":\"WebPage\",\"@id\":\"https:\/\/www.fibrotubi.com\/fr\/lanceur-dalerte\/\",\"url\":\"https:\/\/www.fibrotubi.com\/fr\/lanceur-dalerte\/\",\"name\":\"Lanceur d\u2019alerte - Fibrotubi\",\"isPartOf\":{\"@id\":\"https:\/\/www.fibrotubi.com\/fr\/#website\"},\"datePublished\":\"2025-05-14T09:08:47+00:00\",\"dateModified\":\"2026-03-12T13:08:22+00:00\",\"breadcrumb\":{\"@id\":\"https:\/\/www.fibrotubi.com\/fr\/lanceur-dalerte\/#breadcrumb\"},\"inLanguage\":\"fr-FR\",\"potentialAction\":[{\"@type\":\"ReadAction\",\"target\":[\"https:\/\/www.fibrotubi.com\/fr\/lanceur-dalerte\/\"]}]},{\"@type\":\"BreadcrumbList\",\"@id\":\"https:\/\/www.fibrotubi.com\/fr\/lanceur-dalerte\/#breadcrumb\",\"itemListElement\":[{\"@type\":\"ListItem\",\"position\":1,\"name\":\"Home\",\"item\":\"https:\/\/www.fibrotubi.com\/fr\/\"},{\"@type\":\"ListItem\",\"position\":2,\"name\":\"Lanceur d\u2019alerte\"}]},{\"@type\":\"WebSite\",\"@id\":\"https:\/\/www.fibrotubi.com\/fr\/#website\",\"url\":\"https:\/\/www.fibrotubi.com\/fr\/\",\"name\":\"Fibrotubi SRL\",\"description\":\"Prodotti per Edilizia Civile e Industriale\",\"publisher\":{\"@id\":\"https:\/\/www.fibrotubi.com\/fr\/#organization\"},\"potentialAction\":[{\"@type\":\"SearchAction\",\"target\":{\"@type\":\"EntryPoint\",\"urlTemplate\":\"https:\/\/www.fibrotubi.com\/fr\/?s={search_term_string}\"},\"query-input\":{\"@type\":\"PropertyValueSpecification\",\"valueRequired\":true,\"valueName\":\"search_term_string\"}}],\"inLanguage\":\"fr-FR\"},{\"@type\":\"Organization\",\"@id\":\"https:\/\/www.fibrotubi.com\/fr\/#organization\",\"name\":\"Fibrotubi\",\"url\":\"https:\/\/www.fibrotubi.com\/fr\/\",\"logo\":{\"@type\":\"ImageObject\",\"inLanguage\":\"fr-FR\",\"@id\":\"https:\/\/www.fibrotubi.com\/fr\/#\/schema\/logo\/image\/\",\"url\":\"https:\/\/www.fibrotubi.com\/wp-content\/uploads\/2024\/12\/Logo-Fibrotubi-blu-scuro.png\",\"contentUrl\":\"https:\/\/www.fibrotubi.com\/wp-content\/uploads\/2024\/12\/Logo-Fibrotubi-blu-scuro.png\",\"width\":1000,\"height\":151,\"caption\":\"Fibrotubi\"},\"image\":{\"@id\":\"https:\/\/www.fibrotubi.com\/fr\/#\/schema\/logo\/image\/\"},\"sameAs\":[\"https:\/\/www.facebook.com\/fibrotubi\/\",\"https:\/\/www.instagram.com\/fibrotubi\/\",\"https:\/\/www.youtube.com\/user\/FibrotubiSRL\",\"https:\/\/www.linkedin.com\/company\/fibrotubi\/\"]}]}<\/script>\n<!-- \/ Yoast SEO plugin. -->","yoast_head_json":{"title":"Lanceur d\u2019alerte - Fibrotubi","robots":{"index":"index","follow":"follow","max-snippet":"max-snippet:-1","max-image-preview":"max-image-preview:large","max-video-preview":"max-video-preview:-1"},"canonical":"https:\/\/www.fibrotubi.com\/fr\/lanceur-dalerte\/","og_locale":"fr_FR","og_type":"article","og_title":"Lanceur d\u2019alerte - Fibrotubi","og_description":"Lanceur d\u2019alerte Fibrotubi S.r.l. favorise une culture d\u2019entreprise transparente, fond\u00e9e sur l\u2019\u00e9thique, l\u2019\u00e9quit\u00e9 et l\u2019int\u00e9grit\u00e9, dans le respect des lois et des r\u00e9glementations, ainsi que des normes et lignes directrices applicables. Pour cette raison, Fibrotubi S.r.l. encourage ses repr\u00e9sentants l\u00e9gaux, administrateurs, dirigeants et employ\u00e9s, ainsi que tous les tiers qui interagissent avec l\u2019entreprise, \u00e0 signaler [&hellip;]","og_url":"https:\/\/www.fibrotubi.com\/fr\/lanceur-dalerte\/","og_site_name":"Fibrotubi","article_publisher":"https:\/\/www.facebook.com\/fibrotubi\/","article_modified_time":"2026-03-12T13:08:22+00:00","og_image":[{"width":1600,"height":1200,"url":"https:\/\/www.fibrotubi.com\/wp-content\/uploads\/Fibrotubi-Slide-Tetto-2.webp","type":"image\/webp"}],"twitter_card":"summary_large_image","twitter_misc":{"Dur\u00e9e de lecture estim\u00e9e":"2 minutes"},"schema":{"@context":"https:\/\/schema.org","@graph":[{"@type":"WebPage","@id":"https:\/\/www.fibrotubi.com\/fr\/lanceur-dalerte\/","url":"https:\/\/www.fibrotubi.com\/fr\/lanceur-dalerte\/","name":"Lanceur d\u2019alerte - Fibrotubi","isPartOf":{"@id":"https:\/\/www.fibrotubi.com\/fr\/#website"},"datePublished":"2025-05-14T09:08:47+00:00","dateModified":"2026-03-12T13:08:22+00:00","breadcrumb":{"@id":"https:\/\/www.fibrotubi.com\/fr\/lanceur-dalerte\/#breadcrumb"},"inLanguage":"fr-FR","potentialAction":[{"@type":"ReadAction","target":["https:\/\/www.fibrotubi.com\/fr\/lanceur-dalerte\/"]}]},{"@type":"BreadcrumbList","@id":"https:\/\/www.fibrotubi.com\/fr\/lanceur-dalerte\/#breadcrumb","itemListElement":[{"@type":"ListItem","position":1,"name":"Home","item":"https:\/\/www.fibrotubi.com\/fr\/"},{"@type":"ListItem","position":2,"name":"Lanceur d\u2019alerte"}]},{"@type":"WebSite","@id":"https:\/\/www.fibrotubi.com\/fr\/#website","url":"https:\/\/www.fibrotubi.com\/fr\/","name":"Fibrotubi SRL","description":"Prodotti per Edilizia Civile e Industriale","publisher":{"@id":"https:\/\/www.fibrotubi.com\/fr\/#organization"},"potentialAction":[{"@type":"SearchAction","target":{"@type":"EntryPoint","urlTemplate":"https:\/\/www.fibrotubi.com\/fr\/?s={search_term_string}"},"query-input":{"@type":"PropertyValueSpecification","valueRequired":true,"valueName":"search_term_string"}}],"inLanguage":"fr-FR"},{"@type":"Organization","@id":"https:\/\/www.fibrotubi.com\/fr\/#organization","name":"Fibrotubi","url":"https:\/\/www.fibrotubi.com\/fr\/","logo":{"@type":"ImageObject","inLanguage":"fr-FR","@id":"https:\/\/www.fibrotubi.com\/fr\/#\/schema\/logo\/image\/","url":"https:\/\/www.fibrotubi.com\/wp-content\/uploads\/2024\/12\/Logo-Fibrotubi-blu-scuro.png","contentUrl":"https:\/\/www.fibrotubi.com\/wp-content\/uploads\/2024\/12\/Logo-Fibrotubi-blu-scuro.png","width":1000,"height":151,"caption":"Fibrotubi"},"image":{"@id":"https:\/\/www.fibrotubi.com\/fr\/#\/schema\/logo\/image\/"},"sameAs":["https:\/\/www.facebook.com\/fibrotubi\/","https:\/\/www.instagram.com\/fibrotubi\/","https:\/\/www.youtube.com\/user\/FibrotubiSRL","https:\/\/www.linkedin.com\/company\/fibrotubi\/"]}]}},"_links":{"self":[{"href":"https:\/\/www.fibrotubi.com\/fr\/wp-json\/wp\/v2\/pages\/16409","targetHints":{"allow":["GET"]}}],"collection":[{"href":"https:\/\/www.fibrotubi.com\/fr\/wp-json\/wp\/v2\/pages"}],"about":[{"href":"https:\/\/www.fibrotubi.com\/fr\/wp-json\/wp\/v2\/types\/page"}],"author":[{"embeddable":true,"href":"https:\/\/www.fibrotubi.com\/fr\/wp-json\/wp\/v2\/users\/1"}],"replies":[{"embeddable":true,"href":"https:\/\/www.fibrotubi.com\/fr\/wp-json\/wp\/v2\/comments?post=16409"}],"version-history":[{"count":1,"href":"https:\/\/www.fibrotubi.com\/fr\/wp-json\/wp\/v2\/pages\/16409\/revisions"}],"predecessor-version":[{"id":16410,"href":"https:\/\/www.fibrotubi.com\/fr\/wp-json\/wp\/v2\/pages\/16409\/revisions\/16410"}],"wp:attachment":[{"href":"https:\/\/www.fibrotubi.com\/fr\/wp-json\/wp\/v2\/media?parent=16409"}],"curies":[{"name":"wp","href":"https:\/\/api.w.org\/{rel}","templated":true}]}}