{"id":16393,"date":"2024-11-27T17:08:31","date_gmt":"2024-11-27T16:08:31","guid":{"rendered":"https:\/\/www.fibrotubi.com\/politique-de-confidentialite\/"},"modified":"2026-03-10T15:12:22","modified_gmt":"2026-03-10T14:12:22","slug":"politique-de-confidentialite","status":"publish","type":"page","link":"https:\/\/www.fibrotubi.com\/fr\/politique-de-confidentialite\/","title":{"rendered":"Politique de confidentialit\u00e9"},"content":{"rendered":"\t\t<div data-elementor-type=\"wp-page\" data-elementor-id=\"16393\" class=\"elementor elementor-16393 elementor-3\" data-elementor-post-type=\"page\">\n\t\t\t\t<div class=\"elementor-element elementor-element-6690836e e-flex e-con-boxed e-con e-parent\" data-id=\"6690836e\" data-element_type=\"container\" data-e-type=\"container\">\n\t\t\t\t\t<div class=\"e-con-inner\">\n\t\t\t\t<div class=\"elementor-element elementor-element-25f2a3e6 elementor-widget elementor-widget-text-editor\" data-id=\"25f2a3e6\" data-element_type=\"widget\" data-e-type=\"widget\" data-widget_type=\"text-editor.default\">\n\t\t\t\t<div class=\"elementor-widget-container\">\n\t\t\t\t\t\t\t\t\t<h3><strong>INFORMATION SUR LE TRAITEMENT DES DONN\u00c9ES PERSONNELLES CONFORM\u00c9MENT \u00c0 L\u2019ART. 13 DU <\/strong><strong>R\u00c8GLEMENT (UE) 2016\/679<\/strong><\/h3><p>Dans la pr\u00e9sente information sont d\u00e9crites les op\u00e9rations effectu\u00e9es sur les donn\u00e9es personnelles des utilisateurs collect\u00e9es par le site lors de la navigation sur celui-ci et lors de l\u2019envoi facultatif de donn\u00e9es personnelles afin d\u2019adresser des demandes au Responsable du traitement.<br>Il s\u2019agit d\u2019une information \u00e9galement fournie conform\u00e9ment \u00e0 l\u2019art. 13 du R\u00e8glement europ\u00e9en en mati\u00e8re de protection des donn\u00e9es personnelles \u00e0 ceux qui interagissent avec les services web de Fibrotubi S.r.l., accessibles par voie t\u00e9l\u00e9matique aux adresses web suivantes :<br><a href=\"https:\/\/www.fibrotubi.com\/fr\/\">www.fibrotubi.com<\/a><\/p><p><a href=\"https:\/\/www.fibrotubi.com\/fr\/\">www.fibrograf.it<\/a><\/p><p>L\u2019information est fournie uniquement pour le site de Fibrotubi S.r.l. et non pour d\u2019autres sites web \u00e9ventuellement consult\u00e9s par l\u2019utilisateur via des liens.<\/p><h4><strong>LE RESPONSABLE DU TRAITEMENT<\/strong><\/h4><p>\u00c0 la suite de la consultation de ce site, des donn\u00e9es relatives \u00e0 des personnes identifi\u00e9es ou identifiables peuvent \u00eatre trait\u00e9es.<br>Fibrotubi S.r.l., dont le si\u00e8ge est situ\u00e9 \u00e0 Bagnolo in Piano (RE), Via Provinciale Sud 5, N\u00b0 de TVA 01236590350, est le Responsable du traitement des donn\u00e9es personnelles des utilisateurs collect\u00e9es lors de l\u2019utilisation des services du site. Fibrotubi S.r.l. traitera les donn\u00e9es personnelles pour les finalit\u00e9s suivantes : traitement des donn\u00e9es \u00e0 des fins d\u2019assistance \/ customer care.<\/p><h4><strong>TYPES DE DONN\u00c9ES TRAIT\u00c9ES<\/strong><\/h4><h5>DONN\u00c9ES DE NAVIGATION.<\/h5><p>Les syst\u00e8mes informatiques et les proc\u00e9dures logicielles destin\u00e9s au fonctionnement de ce site web acqui\u00e8rent, au cours de leur fonctionnement normal lors du chargement du site dans le navigateur, certaines donn\u00e9es personnelles dont la transmission est implicite dans l\u2019utilisation des protocoles de communication d\u2019Internet. Il s\u2019agit d\u2019informations qui ne sont pas collect\u00e9es pour \u00eatre associ\u00e9es \u00e0 des personnes identifi\u00e9es, mais qui, par leur nature m\u00eame, pourraient, par des traitements et des associations avec des donn\u00e9es d\u00e9tenues par des tiers, permettre d\u2019identifier les utilisateurs.<br>Dans cette cat\u00e9gorie de donn\u00e9es figurent les adresses IP ou les noms de domaine des ordinateurs utilis\u00e9s par les utilisateurs qui se connectent au site, les adresses en notation URI (Uniform Resource Identifier) des ressources demand\u00e9es, l\u2019heure de la requ\u00eate, la m\u00e9thode utilis\u00e9e pour soumettre la requ\u00eate au serveur, la taille du fichier obtenu en r\u00e9ponse, le code num\u00e9rique indiquant l\u2019\u00e9tat de la r\u00e9ponse fournie par le serveur (succ\u00e8s, erreur, etc.), ainsi que d\u2019autres param\u00e8tres relatifs au syst\u00e8me d\u2019exploitation et \u00e0 l\u2019environnement informatique de l\u2019utilisateur. Ces donn\u00e9es sont utilis\u00e9es uniquement dans le but d\u2019obtenir des informations statistiques anonymes sur l\u2019utilisation du site et de v\u00e9rifier son bon fonctionnement, et elles sont supprim\u00e9es imm\u00e9diatement apr\u00e8s leur traitement.<br>Les donn\u00e9es pourraient \u00eatre utilis\u00e9es pour \u00e9tablir des responsabilit\u00e9s en cas d\u2019\u00e9ventuels d\u00e9lits informatiques au d\u00e9triment du site : sauf dans ce cas, les donn\u00e9es relatives aux contacts web ne sont actuellement pas conserv\u00e9es pendant plus de sept jours.<\/p><h5>DONN\u00c9ES FOURNIES VOLONTAIREMENT PAR L\u2019UTILISATEUR<\/h5><p>L\u2019envoi facultatif, explicite et volontaire de courriers \u00e9lectroniques aux adresses indiqu\u00e9es sur ce site entra\u00eene l\u2019acquisition ult\u00e9rieure de l\u2019adresse de l\u2019exp\u00e9diteur, n\u00e9cessaire pour r\u00e9pondre aux demandes, ainsi que de toute autre donn\u00e9e personnelle \u00e9ventuellement incluse dans le message.<br>Des informations synth\u00e9tiques sp\u00e9cifiques seront fournies ou affich\u00e9es sur les pages du site pr\u00e9vues pour des services particuliers sur demande.<\/p><h4><strong>CARACT\u00c8RE FACULTATIF DE LA FOURNITURE DES DONN\u00c9ES<\/strong><\/h4><p>\u00c0 l\u2019exception de ce qui est pr\u00e9cis\u00e9 pour les donn\u00e9es de navigation, l\u2019utilisateur est libre de fournir les donn\u00e9es personnelles lorsqu\u2019elles sont demand\u00e9es dans des sections sp\u00e9cifiques du site. Leur non-communication peut entra\u00eener l\u2019impossibilit\u00e9 d\u2019obtenir ce qui est demand\u00e9. Dans la pr\u00e9sente information, sont indiqu\u00e9es, pour chaque traitement, les cons\u00e9quences d\u2019un \u00e9ventuel refus de fournir les donn\u00e9es personnelles.<br> <br> <br><\/p><h4><strong>REDIRECTION VERS DES SITES EXTERNES<\/strong><\/h4><p>Le pr\u00e9sent site web peut utiliser ce que l\u2019on appelle des \u00ab social plug-in \u00bb. Les \u00ab social plug-in \u00bb sont des outils sp\u00e9cifiques qui permettent d\u2019int\u00e9grer les fonctionnalit\u00e9s des r\u00e9seaux sociaux directement au sein du site web.<br>Tous les \u00ab social plug-in \u00bb pr\u00e9sents sur le site sont identifi\u00e9s par le logo correspondant appartenant \u00e0 la plateforme de r\u00e9seau social.<br>Lorsque vous visitez une page de notre site et que vous interagissez avec le \u00ab plug-in \u00bb ou que vous d\u00e9cidez de laisser un commentaire, les informations correspondantes sont transmises par le navigateur directement \u00e0 la plateforme de r\u00e9seau social concern\u00e9e (par ex. Facebook) et y sont enregistr\u00e9es.<br>Pour des informations sur les finalit\u00e9s, le type et les modalit\u00e9s de collecte, de traitement, d\u2019utilisation et de conservation des donn\u00e9es personnelles par la plateforme de r\u00e9seau social, ainsi que sur les modalit\u00e9s d\u2019exercice de vos droits, veuillez consulter la politique de confidentialit\u00e9 du r\u00e9seau social.<\/p><h5><strong>MODALIT\u00c9S DU TRAITEMENT<\/strong><\/h5><p>Les donn\u00e9es personnelles sont trait\u00e9es \u00e0 l\u2019aide d\u2019outils automatis\u00e9s pendant la dur\u00e9e strictement n\u00e9cessaire \u00e0 la r\u00e9alisation des finalit\u00e9s pour lesquelles elles ont \u00e9t\u00e9 collect\u00e9es.<br>Des mesures de s\u00e9curit\u00e9 sp\u00e9cifiques sont mises en place afin de pr\u00e9venir la perte des donn\u00e9es, les utilisations illicites ou incorrectes et les acc\u00e8s non autoris\u00e9s.<br> <br> <br><\/p><h5><strong>TRAITEMENT DES DONN\u00c9ES \u00c0 DES FINS D\u2019ASSISTANCE \/ CUSTOMER CARE<\/strong><\/h5><p>Fibrotubi S.r.l. traitera les donn\u00e9es des utilisateurs pour des activit\u00e9s g\u00e9n\u00e9rales d\u2019assistance et de customer care, afin de r\u00e9pondre aux demandes d\u2019informations des utilisateurs ou de traiter des r\u00e9clamations, signalements ou contestations.<br>La base juridique de ce traitement est le consentement, qui doit \u00eatre librement donn\u00e9 avant l\u2019envoi du formulaire de collecte des donn\u00e9es.<br>L\u2019utilisateur a le droit de retirer son consentement et\/ou de s\u2019opposer au traitement des donn\u00e9es personnelles le concernant pour les finalit\u00e9s mentionn\u00e9es ci-dessus en contactant Fibrotubi S.r.l. : \u2013 par e-mail \u00e0 l\u2019adresse suivante : fibrotubi@fibrotubi.it.<br>En cas d\u2019opposition, Fibrotubi S.r.l. s\u2019abstiendra de traiter ult\u00e9rieurement les donn\u00e9es personnelles des utilisateurs pour cette finalit\u00e9, sauf si elle d\u00e9montre l\u2019existence de motifs l\u00e9gitimes imp\u00e9rieux pour proc\u00e9der au traitement qui pr\u00e9valent sur les int\u00e9r\u00eats, les droits et les libert\u00e9s de la personne concern\u00e9e, ou pour la constatation, l\u2019exercice ou la d\u00e9fense d\u2019un droit en justice.<br> <br> <br><br>La fourniture des donn\u00e9es personnelles pour la finalit\u00e9 en question est facultative. Cependant, la non-communication des donn\u00e9es et\/ou l\u2019exercice du droit d\u2019opposition peut rendre impossible la r\u00e9ponse aux demandes et\/ou aux signalements et\/ou aux r\u00e9clamations et\/ou aux contestations des utilisateurs, lorsque la r\u00e9ponse \u00e0 ces demandes implique le traitement de donn\u00e9es personnelles de l\u2019utilisateur.<br>Pour cette finalit\u00e9, Fibrotubi S.r.l. traitera les donn\u00e9es de l\u2019utilisateur pendant le temps n\u00e9cessaire \u00e0 l\u2019ex\u00e9cution des activit\u00e9s demand\u00e9es.<\/p><h5><strong>NEWSLETTER E TRATTAMENTO DEI DATI<\/strong><\/h5><p>Si l\u2019utilisateur a donn\u00e9 son consentement en cochant la case (\u00ab flag \u00bb) et en acceptant la politique, le traitement de ses donn\u00e9es pourra \u00eatre effectu\u00e9 afin d\u2019envoyer des communications de marketing direct, des newsletters, du mat\u00e9riel publicitaire et de r\u00e9aliser des \u00e9tudes de march\u00e9, au moyen de syst\u00e8mes de contact traditionnels et de syst\u00e8mes informatiques automatis\u00e9s, y compris des communications commerciales ou promotionnelles par e-mail ou SMS ; cela constitue le consentement de la personne concern\u00e9e, exprim\u00e9 conform\u00e9ment \u00e0 la pr\u00e9sente information. Dans ce cas, le consentement au traitement des donn\u00e9es personnelles ne constitue pas une obligation de nature contractuelle. La personne concern\u00e9e a la facult\u00e9 de fournir les donn\u00e9es personnelles ; toutefois, en cas de non-communication de ces donn\u00e9es, il ne sera pas possible d\u2019effectuer aucune activit\u00e9 de marketing. Le Responsable du traitement informe que, en ce qui concerne le droit d\u2019opposition au traitement des donn\u00e9es personnelles \u00e0 des fins de marketing, il est possible d\u2019exercer ce droit de mani\u00e8re partielle, par exemple en s\u2019opposant uniquement \u00e0 l\u2019envoi de communications promotionnelles effectu\u00e9es par des moyens automatis\u00e9s et\/ou num\u00e9riques ou, \u00e0 l\u2019inverse, par des moyens traditionnels.<\/p><h5><strong>DROITS DES PERSONNES CONCERN\u00c9ES<\/strong><\/h5><p>Conform\u00e9ment aux articles 15\u201321 du R\u00e8glement (UE) 2016\/679, les personnes concern\u00e9es par les donn\u00e9es personnelles ont le droit d\u2019obtenir \u00e0 tout moment la confirmation de l\u2019existence ou non de ces donn\u00e9es, d\u2019en conna\u00eetre le contenu et l\u2019origine, d\u2019en v\u00e9rifier l\u2019exactitude ou d\u2019en demander l\u2019int\u00e9gration, la mise \u00e0 jour ou la rectification.<br>Les utilisateurs ont \u00e9galement le droit de demander la suppression, la transformation sous forme anonyme ou le blocage des donn\u00e9es trait\u00e9es en violation de la loi, ainsi que de s\u2019opposer dans tous les cas, pour des motifs l\u00e9gitimes, \u00e0 leur traitement.<br>Les demandes doivent \u00eatre adress\u00e9es par e-mail \u00e0 fibrotubi@fibrotubi.it.<\/p>\t\t\t\t\t\t\t\t<\/div>\n\t\t\t\t<\/div>\n\t\t\t\t\t<\/div>\n\t\t\t\t<\/div>\n\t\t\t\t<\/div>\n\t\t","protected":false},"excerpt":{"rendered":"<p>INFORMATION SUR LE TRAITEMENT DES DONN\u00c9ES PERSONNELLES CONFORM\u00c9MENT \u00c0 L\u2019ART. 13 DU R\u00c8GLEMENT (UE) 2016\/679 Dans la pr\u00e9sente information sont d\u00e9crites les op\u00e9rations effectu\u00e9es sur les donn\u00e9es personnelles des utilisateurs collect\u00e9es par le site lors de la navigation sur celui-ci et lors de l\u2019envoi facultatif de donn\u00e9es personnelles afin d\u2019adresser des demandes au Responsable du [&hellip;]<\/p>\n","protected":false},"author":1,"featured_media":0,"parent":0,"menu_order":0,"comment_status":"closed","ping_status":"open","template":"","meta":{"_acf_changed":false,"footnotes":""},"class_list":["post-16393","page","type-page","status-publish","hentry"],"acf":[],"yoast_head":"<!-- This site is optimized with the Yoast SEO plugin v27.1.1 - https:\/\/yoast.com\/product\/yoast-seo-wordpress\/ -->\n<title>Politique de confidentialit\u00e9 - Fibrotubi<\/title>\n<meta name=\"robots\" content=\"index, follow, max-snippet:-1, max-image-preview:large, max-video-preview:-1\" \/>\n<link rel=\"canonical\" href=\"https:\/\/www.fibrotubi.com\/fr\/politique-de-confidentialite\/\" \/>\n<meta property=\"og:locale\" content=\"fr_FR\" \/>\n<meta property=\"og:type\" content=\"article\" \/>\n<meta property=\"og:title\" content=\"Politique de confidentialit\u00e9 - Fibrotubi\" \/>\n<meta property=\"og:description\" content=\"INFORMATION SUR LE TRAITEMENT DES DONN\u00c9ES PERSONNELLES CONFORM\u00c9MENT \u00c0 L\u2019ART. 13 DU R\u00c8GLEMENT (UE) 2016\/679 Dans la pr\u00e9sente information sont d\u00e9crites les op\u00e9rations effectu\u00e9es sur les donn\u00e9es personnelles des utilisateurs collect\u00e9es par le site lors de la navigation sur celui-ci et lors de l\u2019envoi facultatif de donn\u00e9es personnelles afin d\u2019adresser des demandes au Responsable du [&hellip;]\" \/>\n<meta property=\"og:url\" content=\"https:\/\/www.fibrotubi.com\/fr\/politique-de-confidentialite\/\" \/>\n<meta property=\"og:site_name\" content=\"Fibrotubi\" \/>\n<meta property=\"article:publisher\" content=\"https:\/\/www.facebook.com\/fibrotubi\/\" \/>\n<meta property=\"article:modified_time\" content=\"2026-03-10T14:12:22+00:00\" \/>\n<meta property=\"og:image\" content=\"https:\/\/www.fibrotubi.com\/wp-content\/uploads\/Fibrotubi-Slide-Tetto-2.webp\" \/>\n\t<meta property=\"og:image:width\" content=\"1600\" \/>\n\t<meta property=\"og:image:height\" content=\"1200\" \/>\n\t<meta property=\"og:image:type\" content=\"image\/webp\" \/>\n<meta name=\"twitter:card\" content=\"summary_large_image\" \/>\n<meta name=\"twitter:label1\" content=\"Dur\u00e9e de lecture estim\u00e9e\" \/>\n\t<meta name=\"twitter:data1\" content=\"8 minutes\" \/>\n<script type=\"application\/ld+json\" class=\"yoast-schema-graph\">{\"@context\":\"https:\/\/schema.org\",\"@graph\":[{\"@type\":\"WebPage\",\"@id\":\"https:\/\/www.fibrotubi.com\/fr\/politique-de-confidentialite\/\",\"url\":\"https:\/\/www.fibrotubi.com\/fr\/politique-de-confidentialite\/\",\"name\":\"Politique de confidentialit\u00e9 - Fibrotubi\",\"isPartOf\":{\"@id\":\"https:\/\/www.fibrotubi.com\/fr\/#website\"},\"datePublished\":\"2024-11-27T16:08:31+00:00\",\"dateModified\":\"2026-03-10T14:12:22+00:00\",\"breadcrumb\":{\"@id\":\"https:\/\/www.fibrotubi.com\/fr\/politique-de-confidentialite\/#breadcrumb\"},\"inLanguage\":\"fr-FR\",\"potentialAction\":[{\"@type\":\"ReadAction\",\"target\":[\"https:\/\/www.fibrotubi.com\/fr\/politique-de-confidentialite\/\"]}]},{\"@type\":\"BreadcrumbList\",\"@id\":\"https:\/\/www.fibrotubi.com\/fr\/politique-de-confidentialite\/#breadcrumb\",\"itemListElement\":[{\"@type\":\"ListItem\",\"position\":1,\"name\":\"Home\",\"item\":\"https:\/\/www.fibrotubi.com\/fr\/\"},{\"@type\":\"ListItem\",\"position\":2,\"name\":\"Politique de confidentialit\u00e9\"}]},{\"@type\":\"WebSite\",\"@id\":\"https:\/\/www.fibrotubi.com\/fr\/#website\",\"url\":\"https:\/\/www.fibrotubi.com\/fr\/\",\"name\":\"Fibrotubi SRL\",\"description\":\"Prodotti per Edilizia Civile e Industriale\",\"publisher\":{\"@id\":\"https:\/\/www.fibrotubi.com\/fr\/#organization\"},\"potentialAction\":[{\"@type\":\"SearchAction\",\"target\":{\"@type\":\"EntryPoint\",\"urlTemplate\":\"https:\/\/www.fibrotubi.com\/fr\/?s={search_term_string}\"},\"query-input\":{\"@type\":\"PropertyValueSpecification\",\"valueRequired\":true,\"valueName\":\"search_term_string\"}}],\"inLanguage\":\"fr-FR\"},{\"@type\":\"Organization\",\"@id\":\"https:\/\/www.fibrotubi.com\/fr\/#organization\",\"name\":\"Fibrotubi\",\"url\":\"https:\/\/www.fibrotubi.com\/fr\/\",\"logo\":{\"@type\":\"ImageObject\",\"inLanguage\":\"fr-FR\",\"@id\":\"https:\/\/www.fibrotubi.com\/fr\/#\/schema\/logo\/image\/\",\"url\":\"https:\/\/www.fibrotubi.com\/wp-content\/uploads\/2024\/12\/Logo-Fibrotubi-blu-scuro.png\",\"contentUrl\":\"https:\/\/www.fibrotubi.com\/wp-content\/uploads\/2024\/12\/Logo-Fibrotubi-blu-scuro.png\",\"width\":1000,\"height\":151,\"caption\":\"Fibrotubi\"},\"image\":{\"@id\":\"https:\/\/www.fibrotubi.com\/fr\/#\/schema\/logo\/image\/\"},\"sameAs\":[\"https:\/\/www.facebook.com\/fibrotubi\/\",\"https:\/\/www.instagram.com\/fibrotubi\/\",\"https:\/\/www.youtube.com\/user\/FibrotubiSRL\",\"https:\/\/www.linkedin.com\/company\/fibrotubi\/\"]}]}<\/script>\n<!-- \/ Yoast SEO plugin. -->","yoast_head_json":{"title":"Politique de confidentialit\u00e9 - Fibrotubi","robots":{"index":"index","follow":"follow","max-snippet":"max-snippet:-1","max-image-preview":"max-image-preview:large","max-video-preview":"max-video-preview:-1"},"canonical":"https:\/\/www.fibrotubi.com\/fr\/politique-de-confidentialite\/","og_locale":"fr_FR","og_type":"article","og_title":"Politique de confidentialit\u00e9 - Fibrotubi","og_description":"INFORMATION SUR LE TRAITEMENT DES DONN\u00c9ES PERSONNELLES CONFORM\u00c9MENT \u00c0 L\u2019ART. 13 DU R\u00c8GLEMENT (UE) 2016\/679 Dans la pr\u00e9sente information sont d\u00e9crites les op\u00e9rations effectu\u00e9es sur les donn\u00e9es personnelles des utilisateurs collect\u00e9es par le site lors de la navigation sur celui-ci et lors de l\u2019envoi facultatif de donn\u00e9es personnelles afin d\u2019adresser des demandes au Responsable du [&hellip;]","og_url":"https:\/\/www.fibrotubi.com\/fr\/politique-de-confidentialite\/","og_site_name":"Fibrotubi","article_publisher":"https:\/\/www.facebook.com\/fibrotubi\/","article_modified_time":"2026-03-10T14:12:22+00:00","og_image":[{"width":1600,"height":1200,"url":"https:\/\/www.fibrotubi.com\/wp-content\/uploads\/Fibrotubi-Slide-Tetto-2.webp","type":"image\/webp"}],"twitter_card":"summary_large_image","twitter_misc":{"Dur\u00e9e de lecture estim\u00e9e":"8 minutes"},"schema":{"@context":"https:\/\/schema.org","@graph":[{"@type":"WebPage","@id":"https:\/\/www.fibrotubi.com\/fr\/politique-de-confidentialite\/","url":"https:\/\/www.fibrotubi.com\/fr\/politique-de-confidentialite\/","name":"Politique de confidentialit\u00e9 - Fibrotubi","isPartOf":{"@id":"https:\/\/www.fibrotubi.com\/fr\/#website"},"datePublished":"2024-11-27T16:08:31+00:00","dateModified":"2026-03-10T14:12:22+00:00","breadcrumb":{"@id":"https:\/\/www.fibrotubi.com\/fr\/politique-de-confidentialite\/#breadcrumb"},"inLanguage":"fr-FR","potentialAction":[{"@type":"ReadAction","target":["https:\/\/www.fibrotubi.com\/fr\/politique-de-confidentialite\/"]}]},{"@type":"BreadcrumbList","@id":"https:\/\/www.fibrotubi.com\/fr\/politique-de-confidentialite\/#breadcrumb","itemListElement":[{"@type":"ListItem","position":1,"name":"Home","item":"https:\/\/www.fibrotubi.com\/fr\/"},{"@type":"ListItem","position":2,"name":"Politique de confidentialit\u00e9"}]},{"@type":"WebSite","@id":"https:\/\/www.fibrotubi.com\/fr\/#website","url":"https:\/\/www.fibrotubi.com\/fr\/","name":"Fibrotubi SRL","description":"Prodotti per Edilizia Civile e Industriale","publisher":{"@id":"https:\/\/www.fibrotubi.com\/fr\/#organization"},"potentialAction":[{"@type":"SearchAction","target":{"@type":"EntryPoint","urlTemplate":"https:\/\/www.fibrotubi.com\/fr\/?s={search_term_string}"},"query-input":{"@type":"PropertyValueSpecification","valueRequired":true,"valueName":"search_term_string"}}],"inLanguage":"fr-FR"},{"@type":"Organization","@id":"https:\/\/www.fibrotubi.com\/fr\/#organization","name":"Fibrotubi","url":"https:\/\/www.fibrotubi.com\/fr\/","logo":{"@type":"ImageObject","inLanguage":"fr-FR","@id":"https:\/\/www.fibrotubi.com\/fr\/#\/schema\/logo\/image\/","url":"https:\/\/www.fibrotubi.com\/wp-content\/uploads\/2024\/12\/Logo-Fibrotubi-blu-scuro.png","contentUrl":"https:\/\/www.fibrotubi.com\/wp-content\/uploads\/2024\/12\/Logo-Fibrotubi-blu-scuro.png","width":1000,"height":151,"caption":"Fibrotubi"},"image":{"@id":"https:\/\/www.fibrotubi.com\/fr\/#\/schema\/logo\/image\/"},"sameAs":["https:\/\/www.facebook.com\/fibrotubi\/","https:\/\/www.instagram.com\/fibrotubi\/","https:\/\/www.youtube.com\/user\/FibrotubiSRL","https:\/\/www.linkedin.com\/company\/fibrotubi\/"]}]}},"_links":{"self":[{"href":"https:\/\/www.fibrotubi.com\/fr\/wp-json\/wp\/v2\/pages\/16393","targetHints":{"allow":["GET"]}}],"collection":[{"href":"https:\/\/www.fibrotubi.com\/fr\/wp-json\/wp\/v2\/pages"}],"about":[{"href":"https:\/\/www.fibrotubi.com\/fr\/wp-json\/wp\/v2\/types\/page"}],"author":[{"embeddable":true,"href":"https:\/\/www.fibrotubi.com\/fr\/wp-json\/wp\/v2\/users\/1"}],"replies":[{"embeddable":true,"href":"https:\/\/www.fibrotubi.com\/fr\/wp-json\/wp\/v2\/comments?post=16393"}],"version-history":[{"count":1,"href":"https:\/\/www.fibrotubi.com\/fr\/wp-json\/wp\/v2\/pages\/16393\/revisions"}],"predecessor-version":[{"id":16394,"href":"https:\/\/www.fibrotubi.com\/fr\/wp-json\/wp\/v2\/pages\/16393\/revisions\/16394"}],"wp:attachment":[{"href":"https:\/\/www.fibrotubi.com\/fr\/wp-json\/wp\/v2\/media?parent=16393"}],"curies":[{"name":"wp","href":"https:\/\/api.w.org\/{rel}","templated":true}]}}