{"id":16363,"date":"2024-12-12T16:37:16","date_gmt":"2024-12-12T15:37:16","guid":{"rendered":"https:\/\/www.fibrotubi.com\/marques\/"},"modified":"2026-03-09T17:08:04","modified_gmt":"2026-03-09T16:08:04","slug":"marques","status":"publish","type":"page","link":"https:\/\/www.fibrotubi.com\/fr\/marques\/","title":{"rendered":"Marques"},"content":{"rendered":"\t\t<div data-elementor-type=\"wp-page\" data-elementor-id=\"16363\" class=\"elementor elementor-16363 elementor-8096\" data-elementor-post-type=\"page\">\n\t\t\t\t<div class=\"elementor-element elementor-element-17e4739 e-flex e-con-boxed e-con e-parent\" data-id=\"17e4739\" data-element_type=\"container\" data-e-type=\"container\" data-settings=\"{&quot;background_background&quot;:&quot;classic&quot;}\">\n\t\t\t\t\t<div class=\"e-con-inner\">\n\t\t<div class=\"elementor-element elementor-element-e83b979 e-con-full e-flex e-con e-child\" data-id=\"e83b979\" data-element_type=\"container\" data-e-type=\"container\">\n\t\t\t\t<div class=\"elementor-element elementor-element-63dead3 elementor-widget__width-initial animated-fast elementor-widget-divider--view-line elementor-invisible elementor-widget elementor-widget-divider\" data-id=\"63dead3\" data-element_type=\"widget\" data-e-type=\"widget\" data-settings=\"{&quot;_animation&quot;:&quot;zoomInRight&quot;}\" data-widget_type=\"divider.default\">\n\t\t\t\t<div class=\"elementor-widget-container\">\n\t\t\t\t\t\t\t<div class=\"elementor-divider\">\n\t\t\t<span class=\"elementor-divider-separator\">\n\t\t\t\t\t\t<\/span>\n\t\t<\/div>\n\t\t\t\t\t\t<\/div>\n\t\t\t\t<\/div>\n\t\t\t\t<div class=\"elementor-element elementor-element-11eb233 animated-fast elementor-invisible elementor-widget elementor-widget-heading\" data-id=\"11eb233\" data-element_type=\"widget\" data-e-type=\"widget\" data-settings=\"{&quot;_animation&quot;:&quot;opal-scale-up&quot;}\" data-widget_type=\"heading.default\">\n\t\t\t\t<div class=\"elementor-widget-container\">\n\t\t\t\t\t<p class=\"elementor-heading-title elementor-size-default\">S\u00e9lectionnez la marque<br>et d\u00e9couvrez les produits.<\/p>\t\t\t\t<\/div>\n\t\t\t\t<\/div>\n\t\t\t\t<\/div>\n\t\t<div class=\"elementor-element elementor-element-d4d3fd4 e-con-full e-flex e-con e-child\" data-id=\"d4d3fd4\" data-element_type=\"container\" data-e-type=\"container\">\n\t\t\t\t<div class=\"elementor-element elementor-element-7e9aa17 elementor-widget__width-initial animated-fast elementor-invisible elementor-widget elementor-widget-heading\" data-id=\"7e9aa17\" data-element_type=\"widget\" data-e-type=\"widget\" data-settings=\"{&quot;_animation&quot;:&quot;opal-move-left&quot;}\" data-widget_type=\"heading.default\">\n\t\t\t\t<div class=\"elementor-widget-container\">\n\t\t\t\t\t<h2 class=\"elementor-heading-title elementor-size-default\">Nos marques<\/h2>\t\t\t\t<\/div>\n\t\t\t\t<\/div>\n\t\t\t\t<\/div>\n\t\t\t\t\t<\/div>\n\t\t\t\t<\/div>\n\t\t<div class=\"elementor-element elementor-element-1ee523b e-flex e-con-boxed e-con e-parent\" data-id=\"1ee523b\" data-element_type=\"container\" data-e-type=\"container\">\n\t\t\t\t\t<div class=\"e-con-inner\">\n\t\t<div class=\"elementor-element elementor-element-677c027 e-con-full e-flex e-con e-child\" data-id=\"677c027\" data-element_type=\"container\" data-e-type=\"container\">\n\t\t<div class=\"elementor-element elementor-element-6ebc250 e-con-full e-flex e-con e-child\" data-id=\"6ebc250\" data-element_type=\"container\" data-e-type=\"container\">\n\t\t\t\t<div class=\"elementor-element elementor-element-02ed314 elementor-widget elementor-widget-rebuilto_manual_projects\" data-id=\"02ed314\" data-element_type=\"widget\" data-e-type=\"widget\" data-widget_type=\"rebuilto_manual_projects.default\">\n\t\t\t\t<div class=\"elementor-widget-container\">\n\t\t\t\t\t<div class=\"project-grid d-grid nuovo\" style=\"gap: 20px;\"><div class=\"project-item project-style-1\"><div class=\"project-inner\"><div class=\"project-post-thumbnail\"><img decoding=\"async\" src=\"https:\/\/www.fibrotubi.com\/wp-content\/uploads\/blocco-prodotti-fibrograf.webp\" alt=\"Plaque m\u00e9tallique modulaire pour toitures\"><a class=\"overlay-link\" href=\"https:\/\/www.fibrotubi.com\/prodotti\/lastra-metallica-modulare-per-tetti\/\"><\/a><\/div><div class=\"project-small-image\" style=\"position: absolute; top: 0px; left: 40px; z-index:20;\"><img decoding=\"async\" src=\"https:\/\/www.fibrotubi.com\/wp-content\/uploads\/Logo-Fibrograf.jpg\" alt=\"Plaque m\u00e9tallique modulaire pour toitures\" style=\"width: 20px; height: 20px;\"><\/div><div class=\"project-content\"><h4 class=\"project-title omega\"><a href=\"https:\/\/www.fibrotubi.com\/prodotti\/lastra-metallica-modulare-per-tetti\/\">Plaque m\u00e9tallique modulaire pour toitures<\/a><\/h4><p class=\"project-description\"><a href=\"https:\/\/www.fibrotubi.com\/prodotti\/lastra-metallica-modulare-per-tetti\/\" style=\"color:#fff\">En savoir plus<i aria-hidden=\"true\" class=\"rebuilto-icon- rebuilto-icon-arrow-up-right\" style=\"margin-left:10px; font-size:10px\"><\/i><\/a><\/p><\/div><\/div><\/div><div class=\"project-item project-style-1\"><div class=\"project-inner\"><div class=\"project-post-thumbnail\"><img decoding=\"async\" src=\"https:\/\/www.fibrotubi.com\/wp-content\/uploads\/blocco-prodotti-sottocoppo.webp\" alt=\"Syst\u00e8me sous-tuile en m\u00e9tal\"><a class=\"overlay-link\" href=\"https:\/\/www.fibrotubi.com\/categoria-prodotto\/sottocoppo-metallico\/\"><\/a><\/div><div class=\"project-small-image\" style=\"position: absolute; top: 0px; left: 40px; z-index:20;\"><img decoding=\"async\" src=\"https:\/\/www.fibrotubi.com\/wp-content\/uploads\/Logo-Sotttocoppo.jpg\" alt=\"Syst\u00e8me sous-tuile en m\u00e9tal\" style=\"width: 20px; height: 20px;\"><\/div><div class=\"project-content\"><h4 class=\"project-title omega\"><a href=\"https:\/\/www.fibrotubi.com\/categoria-prodotto\/sottocoppo-metallico\/\">Syst\u00e8me sous-tuile en m\u00e9tal<\/a><\/h4><p class=\"project-description\"><a href=\"https:\/\/www.fibrotubi.com\/categoria-prodotto\/sottocoppo-metallico\/\" style=\"color:#fff\">En savoir plus<i aria-hidden=\"true\" class=\"rebuilto-icon- rebuilto-icon-arrow-up-right\" style=\"margin-left:10px; font-size:10px\"><\/i><\/a><\/p><\/div><\/div><\/div><div class=\"project-item project-style-1\"><div class=\"project-inner\"><div class=\"project-post-thumbnail\"><img decoding=\"async\" src=\"https:\/\/www.fibrotubi.com\/wp-content\/uploads\/blocco-prodotti-orchidea.webp\" alt=\"Ch\u00e2ssis pour portes coulissantes\"><a class=\"overlay-link\" href=\"https:\/\/www.fibrotubi.com\/categoria-prodotto\/orchidea-controtelai-scorrevoli\/\"><\/a><\/div><div class=\"project-small-image\" style=\"position: absolute; top: 0px; left: 40px; z-index:20;\"><img decoding=\"async\" src=\"https:\/\/www.fibrotubi.com\/wp-content\/uploads\/Logo-Orchidea.jpg\" alt=\"Ch\u00e2ssis pour portes coulissantes\" style=\"width: 20px; height: 20px;\"><\/div><div class=\"project-content\"><h4 class=\"project-title omega\"><a href=\"https:\/\/www.fibrotubi.com\/categoria-prodotto\/orchidea-controtelai-scorrevoli\/\">Ch\u00e2ssis pour portes coulissantes<\/a><\/h4><p class=\"project-description\"><a href=\"https:\/\/www.fibrotubi.com\/categoria-prodotto\/orchidea-controtelai-scorrevoli\/\" style=\"color:#fff\">En savoir plus<i aria-hidden=\"true\" class=\"rebuilto-icon- rebuilto-icon-arrow-up-right\" style=\"margin-left:10px; font-size:10px\"><\/i><\/a><\/p><\/div><\/div><\/div><div class=\"project-item project-style-1\"><div class=\"project-inner\"><div class=\"project-post-thumbnail\"><img decoding=\"async\" src=\"https:\/\/www.fibrotubi.com\/wp-content\/uploads\/blocco-prodotti-eterinox.webp\" alt=\"Syst\u00e8mes fumaires et accessoires\"><a class=\"overlay-link\" href=\"https:\/\/www.fibrotubi.com\/categoria-prodotto\/eterinox\/\"><\/a><\/div><div class=\"project-small-image\" style=\"position: absolute; top: 0px; left: 40px; z-index:20;\"><img decoding=\"async\" src=\"https:\/\/www.fibrotubi.com\/wp-content\/uploads\/Logo-Eterinox.jpg\" alt=\"Syst\u00e8mes fumaires et accessoires\" style=\"width: 20px; height: 20px;\"><\/div><div class=\"project-content\"><h4 class=\"project-title omega\"><a href=\"https:\/\/www.fibrotubi.com\/categoria-prodotto\/eterinox\/\">Syst\u00e8mes fumaires et accessoires<\/a><\/h4><p class=\"project-description\"><a href=\"https:\/\/www.fibrotubi.com\/categoria-prodotto\/eterinox\/\" style=\"color:#fff\">En savoir plus<i aria-hidden=\"true\" class=\"rebuilto-icon- rebuilto-icon-arrow-up-right\" style=\"margin-left:10px; font-size:10px\"><\/i><\/a><\/p><\/div><\/div><\/div><div class=\"project-item project-style-1\"><div class=\"project-inner\"><div class=\"project-post-thumbnail\"><img decoding=\"async\" src=\"https:\/\/www.fibrotubi.com\/wp-content\/uploads\/blocco-prodotti-isocoppo.webp\" alt=\"Couvertures m\u00e9talliques en forme de tuile canal\"><a class=\"overlay-link\" href=\"https:\/\/www.fibrotubi.com\/categoria-prodotto\/isocoppo\/\"><\/a><\/div><div class=\"project-small-image\" style=\"position: absolute; top: 0px; left: 40px; z-index:20;\"><img decoding=\"async\" src=\"https:\/\/www.fibrotubi.com\/wp-content\/uploads\/Logo-Isocoppo.jpg\" alt=\"Couvertures m\u00e9talliques en forme de tuile canal\" style=\"width: 20px; height: 20px;\"><\/div><div class=\"project-content\"><h4 class=\"project-title omega\"><a href=\"https:\/\/www.fibrotubi.com\/categoria-prodotto\/isocoppo\/\">Couvertures m\u00e9talliques en forme de tuile canal<\/a><\/h4><p class=\"project-description\"><a href=\"https:\/\/www.fibrotubi.com\/categoria-prodotto\/isocoppo\/\" style=\"color:#fff\">En savoir plus<i aria-hidden=\"true\" class=\"rebuilto-icon- rebuilto-icon-arrow-up-right\" style=\"margin-left:10px; font-size:10px\"><\/i><\/a><\/p><\/div><\/div><\/div><div class=\"project-item project-style-1\"><div class=\"project-inner\"><div class=\"project-post-thumbnail\"><img decoding=\"async\" src=\"https:\/\/www.fibrotubi.com\/wp-content\/uploads\/blocco-prodotti-fibrotek.webp\" alt=\"Panneaux thermo-isolants de sous-toiture\"><a class=\"overlay-link\" href=\"https:\/\/www.fibrotubi.com\/categoria-prodotto\/fibrotek\/\"><\/a><\/div><div class=\"project-small-image\" style=\"position: absolute; top: 0px; left: 40px; z-index:20;\"><img decoding=\"async\" src=\"https:\/\/www.fibrotubi.com\/wp-content\/uploads\/Logo-Fibrotek.jpg\" alt=\"Panneaux thermo-isolants de sous-toiture\" style=\"width: 20px; height: 20px;\"><\/div><div class=\"project-content\"><h4 class=\"project-title omega\"><a href=\"https:\/\/www.fibrotubi.com\/categoria-prodotto\/fibrotek\/\">Panneaux thermo-isolants de sous-toiture<\/a><\/h4><p class=\"project-description\"><a href=\"https:\/\/www.fibrotubi.com\/categoria-prodotto\/fibrotek\/\" style=\"color:#fff\">En savoir plus<i aria-hidden=\"true\" class=\"rebuilto-icon- rebuilto-icon-arrow-up-right\" style=\"margin-left:10px; font-size:10px\"><\/i><\/a><\/p><\/div><\/div><\/div><div class=\"project-item project-style-1\"><div class=\"project-inner\"><div class=\"project-post-thumbnail\"><img decoding=\"async\" src=\"https:\/\/www.fibrotubi.com\/wp-content\/uploads\/blocco-prodotti-tek28.webp\" alt=\"Plaques nervur\u00e9es isol\u00e9es\"><a class=\"overlay-link\" href=\"https:\/\/www.fibrotubi.com\/prodotti\/lastra-metallica-coibentata-per-tetti-e-pareti\/\"><\/a><\/div><div class=\"project-small-image\" style=\"position: absolute; top: 0px; left: 40px; z-index:20;\"><img decoding=\"async\" src=\"https:\/\/www.fibrotubi.com\/wp-content\/uploads\/Logo-Tek28.jpg\" alt=\"Plaques nervur\u00e9es isol\u00e9es\" style=\"width: 20px; height: 20px;\"><\/div><div class=\"project-content\"><h4 class=\"project-title omega\"><a href=\"https:\/\/www.fibrotubi.com\/prodotti\/lastra-metallica-coibentata-per-tetti-e-pareti\/\">Plaques nervur\u00e9es isol\u00e9es<\/a><\/h4><p class=\"project-description\"><a href=\"https:\/\/www.fibrotubi.com\/prodotti\/lastra-metallica-coibentata-per-tetti-e-pareti\/\" style=\"color:#fff\">En savoir plus<i aria-hidden=\"true\" class=\"rebuilto-icon- rebuilto-icon-arrow-up-right\" style=\"margin-left:10px; font-size:10px\"><\/i><\/a><\/p><\/div><\/div><\/div><div class=\"project-item project-style-1\"><div class=\"project-inner\"><div class=\"project-post-thumbnail\"><img decoding=\"async\" src=\"https:\/\/www.fibrotubi.com\/wp-content\/uploads\/alutech-dach-immagine-categoria.webp\" alt=\"Panneaux nervur\u00e9s isol\u00e9s\"><a class=\"overlay-link\" href=\"https:\/\/www.fibrotubi.com\/prodotti\/pannello-coibentato-a-5-greche\"><\/a><\/div><div class=\"project-small-image\" style=\"position: absolute; top: 0px; left: 40px; z-index:20;\"><img decoding=\"async\" src=\"https:\/\/www.fibrotubi.com\/wp-content\/uploads\/Logo-Alutech-Dach.jpg\" alt=\"Panneaux nervur\u00e9s isol\u00e9s\" style=\"width: 20px; height: 20px;\"><\/div><div class=\"project-content\"><h4 class=\"project-title omega\"><a href=\"https:\/\/www.fibrotubi.com\/prodotti\/pannello-coibentato-a-5-greche\">Panneaux nervur\u00e9s isol\u00e9s<\/a><\/h4><p class=\"project-description\"><a href=\"https:\/\/www.fibrotubi.com\/prodotti\/pannello-coibentato-a-5-greche\" style=\"color:#fff\">En savoir plus<i aria-hidden=\"true\" class=\"rebuilto-icon- rebuilto-icon-arrow-up-right\" style=\"margin-left:10px; font-size:10px\"><\/i><\/a><\/p><\/div><\/div><\/div><div class=\"project-item project-style-1\"><div class=\"project-inner\"><div class=\"project-post-thumbnail\"><img decoding=\"async\" src=\"https:\/\/www.fibrotubi.com\/wp-content\/uploads\/blocco-prodotti-gea.webp\" alt=\"Plaques et canaux en fibrociment\"><a class=\"overlay-link\" href=\"https:\/\/www.fibrotubi.com\/categoria-prodotto\/gea\/\"><\/a><\/div><div class=\"project-small-image\" style=\"position: absolute; top: 0px; left: 40px; z-index:20;\"><img decoding=\"async\" src=\"https:\/\/www.fibrotubi.com\/wp-content\/uploads\/Logo-Gea.jpg\" alt=\"Plaques et canaux en fibrociment\" style=\"width: 20px; height: 20px;\"><\/div><div class=\"project-content\"><h4 class=\"project-title omega\"><a href=\"https:\/\/www.fibrotubi.com\/categoria-prodotto\/gea\/\">Plaques et canaux en fibrociment<\/a><\/h4><p class=\"project-description\"><a href=\"https:\/\/www.fibrotubi.com\/categoria-prodotto\/gea\/\" style=\"color:#fff\">En savoir plus<i aria-hidden=\"true\" class=\"rebuilto-icon- rebuilto-icon-arrow-up-right\" style=\"margin-left:10px; font-size:10px\"><\/i><\/a><\/p><\/div><\/div><\/div><div class=\"project-item project-style-1\"><div class=\"project-inner\"><div class=\"project-post-thumbnail\"><img decoding=\"async\" src=\"https:\/\/www.fibrotubi.com\/wp-content\/uploads\/blocco-prodotti-corinzio.webp\" alt=\"Plaque en forme de tuile romaine\"><a class=\"overlay-link\" href=\"https:\/\/www.fibrotubi.com\/prodotti\/copertura-a-forma-di-lastra-romana\/\"><\/a><\/div><div class=\"project-small-image\" style=\"position: absolute; top: 0px; left: 40px; z-index:20;\"><img decoding=\"async\" src=\"https:\/\/www.fibrotubi.com\/wp-content\/uploads\/Logo-Coppo-Corinzio.jpg\" alt=\"Plaque en forme de tuile romaine\" style=\"width: 20px; height: 20px;\"><\/div><div class=\"project-content\"><h4 class=\"project-title omega\"><a href=\"https:\/\/www.fibrotubi.com\/prodotti\/copertura-a-forma-di-lastra-romana\/\">Plaque en forme de tuile romaine<\/a><\/h4><p class=\"project-description\"><a href=\"https:\/\/www.fibrotubi.com\/prodotti\/copertura-a-forma-di-lastra-romana\/\" style=\"color:#fff\">En savoir plus<i aria-hidden=\"true\" class=\"rebuilto-icon- rebuilto-icon-arrow-up-right\" style=\"margin-left:10px; font-size:10px\"><\/i><\/a><\/p><\/div><\/div><\/div><\/div>\t\t\t\t<\/div>\n\t\t\t\t<\/div>\n\t\t\t\t<\/div>\n\t\t\t\t<\/div>\n\t\t\t\t\t<\/div>\n\t\t\t\t<\/div>\n\t\t\t\t<\/div>\n\t\t","protected":false},"excerpt":{"rendered":"<p>S\u00e9lectionnez la marqueet d\u00e9couvrez les produits. Nos marques Plaque m\u00e9tallique modulaire pour toitures En savoir plus Syst\u00e8me sous-tuile en m\u00e9tal En savoir plus Ch\u00e2ssis pour portes coulissantes En savoir plus Syst\u00e8mes fumaires et accessoires En savoir plus Couvertures m\u00e9talliques en forme de tuile canal En savoir plus Panneaux thermo-isolants de sous-toiture En savoir plus Plaques [&hellip;]<\/p>\n","protected":false},"author":1,"featured_media":0,"parent":0,"menu_order":0,"comment_status":"closed","ping_status":"closed","template":"","meta":{"_acf_changed":false,"footnotes":""},"class_list":["post-16363","page","type-page","status-publish","hentry"],"acf":[],"yoast_head":"<!-- This site is optimized with the Yoast SEO plugin v27.1.1 - https:\/\/yoast.com\/product\/yoast-seo-wordpress\/ -->\n<title>Marques - Fibrotubi SRL<\/title>\n<meta name=\"description\" content=\"Marques s\u00e9lectionn\u00e9es par Fibrotubi pour garantir qualit\u00e9, innovation et fiabilit\u00e9 dans le secteur des couvertures et des mat\u00e9riaux pour le b\u00e2timent.\" \/>\n<meta name=\"robots\" content=\"index, follow, max-snippet:-1, max-image-preview:large, max-video-preview:-1\" \/>\n<link rel=\"canonical\" href=\"https:\/\/www.fibrotubi.com\/fr\/marques\/\" \/>\n<meta property=\"og:locale\" content=\"fr_FR\" \/>\n<meta property=\"og:type\" content=\"article\" \/>\n<meta property=\"og:title\" content=\"Marques - Fibrotubi SRL\" \/>\n<meta property=\"og:description\" content=\"Marques s\u00e9lectionn\u00e9es par Fibrotubi pour garantir qualit\u00e9, innovation et fiabilit\u00e9 dans le secteur des couvertures et des mat\u00e9riaux pour le b\u00e2timent.\" \/>\n<meta property=\"og:url\" content=\"https:\/\/www.fibrotubi.com\/fr\/marques\/\" \/>\n<meta property=\"og:site_name\" content=\"Fibrotubi\" \/>\n<meta property=\"article:publisher\" content=\"https:\/\/www.facebook.com\/fibrotubi\/\" \/>\n<meta property=\"article:modified_time\" content=\"2026-03-09T16:08:04+00:00\" \/>\n<meta property=\"og:image\" content=\"https:\/\/www.fibrotubi.com\/wp-content\/uploads\/blocco-prodotti-fibrograf.webp\" \/>\n<meta name=\"twitter:card\" content=\"summary_large_image\" \/>\n<meta name=\"twitter:label1\" content=\"Dur\u00e9e de lecture estim\u00e9e\" \/>\n\t<meta name=\"twitter:data1\" content=\"5 minutes\" \/>\n<script type=\"application\/ld+json\" class=\"yoast-schema-graph\">{\"@context\":\"https:\/\/schema.org\",\"@graph\":[{\"@type\":\"WebPage\",\"@id\":\"https:\/\/www.fibrotubi.com\/fr\/marques\/\",\"url\":\"https:\/\/www.fibrotubi.com\/fr\/marques\/\",\"name\":\"Marques - Fibrotubi SRL\",\"isPartOf\":{\"@id\":\"https:\/\/www.fibrotubi.com\/fr\/#website\"},\"primaryImageOfPage\":{\"@id\":\"https:\/\/www.fibrotubi.com\/fr\/marques\/#primaryimage\"},\"image\":{\"@id\":\"https:\/\/www.fibrotubi.com\/fr\/marques\/#primaryimage\"},\"thumbnailUrl\":\"https:\/\/www.fibrotubi.com\/wp-content\/uploads\/blocco-prodotti-fibrograf.webp\",\"datePublished\":\"2024-12-12T15:37:16+00:00\",\"dateModified\":\"2026-03-09T16:08:04+00:00\",\"description\":\"Marques s\u00e9lectionn\u00e9es par Fibrotubi pour garantir qualit\u00e9, innovation et fiabilit\u00e9 dans le secteur des couvertures et des mat\u00e9riaux pour le b\u00e2timent.\",\"breadcrumb\":{\"@id\":\"https:\/\/www.fibrotubi.com\/fr\/marques\/#breadcrumb\"},\"inLanguage\":\"fr-FR\",\"potentialAction\":[{\"@type\":\"ReadAction\",\"target\":[\"https:\/\/www.fibrotubi.com\/fr\/marques\/\"]}]},{\"@type\":\"ImageObject\",\"inLanguage\":\"fr-FR\",\"@id\":\"https:\/\/www.fibrotubi.com\/fr\/marques\/#primaryimage\",\"url\":\"https:\/\/www.fibrotubi.com\/wp-content\/uploads\/blocco-prodotti-fibrograf.webp\",\"contentUrl\":\"https:\/\/www.fibrotubi.com\/wp-content\/uploads\/blocco-prodotti-fibrograf.webp\"},{\"@type\":\"BreadcrumbList\",\"@id\":\"https:\/\/www.fibrotubi.com\/fr\/marques\/#breadcrumb\",\"itemListElement\":[{\"@type\":\"ListItem\",\"position\":1,\"name\":\"Home\",\"item\":\"https:\/\/www.fibrotubi.com\/fr\/\"},{\"@type\":\"ListItem\",\"position\":2,\"name\":\"Marques\"}]},{\"@type\":\"WebSite\",\"@id\":\"https:\/\/www.fibrotubi.com\/fr\/#website\",\"url\":\"https:\/\/www.fibrotubi.com\/fr\/\",\"name\":\"Fibrotubi SRL\",\"description\":\"Prodotti per Edilizia Civile e Industriale\",\"publisher\":{\"@id\":\"https:\/\/www.fibrotubi.com\/fr\/#organization\"},\"potentialAction\":[{\"@type\":\"SearchAction\",\"target\":{\"@type\":\"EntryPoint\",\"urlTemplate\":\"https:\/\/www.fibrotubi.com\/fr\/?s={search_term_string}\"},\"query-input\":{\"@type\":\"PropertyValueSpecification\",\"valueRequired\":true,\"valueName\":\"search_term_string\"}}],\"inLanguage\":\"fr-FR\"},{\"@type\":\"Organization\",\"@id\":\"https:\/\/www.fibrotubi.com\/fr\/#organization\",\"name\":\"Fibrotubi\",\"url\":\"https:\/\/www.fibrotubi.com\/fr\/\",\"logo\":{\"@type\":\"ImageObject\",\"inLanguage\":\"fr-FR\",\"@id\":\"https:\/\/www.fibrotubi.com\/fr\/#\/schema\/logo\/image\/\",\"url\":\"https:\/\/www.fibrotubi.com\/wp-content\/uploads\/2024\/12\/Logo-Fibrotubi-blu-scuro.png\",\"contentUrl\":\"https:\/\/www.fibrotubi.com\/wp-content\/uploads\/2024\/12\/Logo-Fibrotubi-blu-scuro.png\",\"width\":1000,\"height\":151,\"caption\":\"Fibrotubi\"},\"image\":{\"@id\":\"https:\/\/www.fibrotubi.com\/fr\/#\/schema\/logo\/image\/\"},\"sameAs\":[\"https:\/\/www.facebook.com\/fibrotubi\/\",\"https:\/\/www.instagram.com\/fibrotubi\/\",\"https:\/\/www.youtube.com\/user\/FibrotubiSRL\",\"https:\/\/www.linkedin.com\/company\/fibrotubi\/\"]}]}<\/script>\n<!-- \/ Yoast SEO plugin. -->","yoast_head_json":{"title":"Marques - Fibrotubi SRL","description":"Marques s\u00e9lectionn\u00e9es par Fibrotubi pour garantir qualit\u00e9, innovation et fiabilit\u00e9 dans le secteur des couvertures et des mat\u00e9riaux pour le b\u00e2timent.","robots":{"index":"index","follow":"follow","max-snippet":"max-snippet:-1","max-image-preview":"max-image-preview:large","max-video-preview":"max-video-preview:-1"},"canonical":"https:\/\/www.fibrotubi.com\/fr\/marques\/","og_locale":"fr_FR","og_type":"article","og_title":"Marques - Fibrotubi SRL","og_description":"Marques s\u00e9lectionn\u00e9es par Fibrotubi pour garantir qualit\u00e9, innovation et fiabilit\u00e9 dans le secteur des couvertures et des mat\u00e9riaux pour le b\u00e2timent.","og_url":"https:\/\/www.fibrotubi.com\/fr\/marques\/","og_site_name":"Fibrotubi","article_publisher":"https:\/\/www.facebook.com\/fibrotubi\/","article_modified_time":"2026-03-09T16:08:04+00:00","og_image":[{"url":"https:\/\/www.fibrotubi.com\/wp-content\/uploads\/blocco-prodotti-fibrograf.webp","type":"","width":"","height":""}],"twitter_card":"summary_large_image","twitter_misc":{"Dur\u00e9e de lecture estim\u00e9e":"5 minutes"},"schema":{"@context":"https:\/\/schema.org","@graph":[{"@type":"WebPage","@id":"https:\/\/www.fibrotubi.com\/fr\/marques\/","url":"https:\/\/www.fibrotubi.com\/fr\/marques\/","name":"Marques - Fibrotubi SRL","isPartOf":{"@id":"https:\/\/www.fibrotubi.com\/fr\/#website"},"primaryImageOfPage":{"@id":"https:\/\/www.fibrotubi.com\/fr\/marques\/#primaryimage"},"image":{"@id":"https:\/\/www.fibrotubi.com\/fr\/marques\/#primaryimage"},"thumbnailUrl":"https:\/\/www.fibrotubi.com\/wp-content\/uploads\/blocco-prodotti-fibrograf.webp","datePublished":"2024-12-12T15:37:16+00:00","dateModified":"2026-03-09T16:08:04+00:00","description":"Marques s\u00e9lectionn\u00e9es par Fibrotubi pour garantir qualit\u00e9, innovation et fiabilit\u00e9 dans le secteur des couvertures et des mat\u00e9riaux pour le b\u00e2timent.","breadcrumb":{"@id":"https:\/\/www.fibrotubi.com\/fr\/marques\/#breadcrumb"},"inLanguage":"fr-FR","potentialAction":[{"@type":"ReadAction","target":["https:\/\/www.fibrotubi.com\/fr\/marques\/"]}]},{"@type":"ImageObject","inLanguage":"fr-FR","@id":"https:\/\/www.fibrotubi.com\/fr\/marques\/#primaryimage","url":"https:\/\/www.fibrotubi.com\/wp-content\/uploads\/blocco-prodotti-fibrograf.webp","contentUrl":"https:\/\/www.fibrotubi.com\/wp-content\/uploads\/blocco-prodotti-fibrograf.webp"},{"@type":"BreadcrumbList","@id":"https:\/\/www.fibrotubi.com\/fr\/marques\/#breadcrumb","itemListElement":[{"@type":"ListItem","position":1,"name":"Home","item":"https:\/\/www.fibrotubi.com\/fr\/"},{"@type":"ListItem","position":2,"name":"Marques"}]},{"@type":"WebSite","@id":"https:\/\/www.fibrotubi.com\/fr\/#website","url":"https:\/\/www.fibrotubi.com\/fr\/","name":"Fibrotubi SRL","description":"Prodotti per Edilizia Civile e Industriale","publisher":{"@id":"https:\/\/www.fibrotubi.com\/fr\/#organization"},"potentialAction":[{"@type":"SearchAction","target":{"@type":"EntryPoint","urlTemplate":"https:\/\/www.fibrotubi.com\/fr\/?s={search_term_string}"},"query-input":{"@type":"PropertyValueSpecification","valueRequired":true,"valueName":"search_term_string"}}],"inLanguage":"fr-FR"},{"@type":"Organization","@id":"https:\/\/www.fibrotubi.com\/fr\/#organization","name":"Fibrotubi","url":"https:\/\/www.fibrotubi.com\/fr\/","logo":{"@type":"ImageObject","inLanguage":"fr-FR","@id":"https:\/\/www.fibrotubi.com\/fr\/#\/schema\/logo\/image\/","url":"https:\/\/www.fibrotubi.com\/wp-content\/uploads\/2024\/12\/Logo-Fibrotubi-blu-scuro.png","contentUrl":"https:\/\/www.fibrotubi.com\/wp-content\/uploads\/2024\/12\/Logo-Fibrotubi-blu-scuro.png","width":1000,"height":151,"caption":"Fibrotubi"},"image":{"@id":"https:\/\/www.fibrotubi.com\/fr\/#\/schema\/logo\/image\/"},"sameAs":["https:\/\/www.facebook.com\/fibrotubi\/","https:\/\/www.instagram.com\/fibrotubi\/","https:\/\/www.youtube.com\/user\/FibrotubiSRL","https:\/\/www.linkedin.com\/company\/fibrotubi\/"]}]}},"_links":{"self":[{"href":"https:\/\/www.fibrotubi.com\/fr\/wp-json\/wp\/v2\/pages\/16363","targetHints":{"allow":["GET"]}}],"collection":[{"href":"https:\/\/www.fibrotubi.com\/fr\/wp-json\/wp\/v2\/pages"}],"about":[{"href":"https:\/\/www.fibrotubi.com\/fr\/wp-json\/wp\/v2\/types\/page"}],"author":[{"embeddable":true,"href":"https:\/\/www.fibrotubi.com\/fr\/wp-json\/wp\/v2\/users\/1"}],"replies":[{"embeddable":true,"href":"https:\/\/www.fibrotubi.com\/fr\/wp-json\/wp\/v2\/comments?post=16363"}],"version-history":[{"count":6,"href":"https:\/\/www.fibrotubi.com\/fr\/wp-json\/wp\/v2\/pages\/16363\/revisions"}],"predecessor-version":[{"id":16370,"href":"https:\/\/www.fibrotubi.com\/fr\/wp-json\/wp\/v2\/pages\/16363\/revisions\/16370"}],"wp:attachment":[{"href":"https:\/\/www.fibrotubi.com\/fr\/wp-json\/wp\/v2\/media?parent=16363"}],"curies":[{"name":"wp","href":"https:\/\/api.w.org\/{rel}","templated":true}]}}